{"id":1216,"date":"2019-05-17T18:11:12","date_gmt":"2019-05-17T21:11:12","guid":{"rendered":"https:\/\/isfd40-bue.infd.edu.ar\/sitio\/?page_id=1216"},"modified":"2026-04-22T13:30:42","modified_gmt":"2026-04-22T16:30:42","slug":"solicitud-de-mesas-extraordinarias","status":"publish","type":"page","link":"https:\/\/isfd40-bue.infd.edu.ar\/sitio\/solicitud-de-mesas-extraordinarias\/","title":{"rendered":"Solicitud de Comisiones Evaluadoras    Extraordinarias MAYO 2026"},"content":{"rendered":"\n<p><\/p>\n\n\n\n<p><\/p>\n\n\n\n<p class=\"has-text-align-center\"><\/p>\n\n\n<p style=\"text-align: center;\"><img decoding=\"async\" loading=\"lazy\" title=\"Tilde\" src=\"https:\/\/isfd40-bue.infd.edu.ar\/sitio\/wp-content\/uploads\/2018\/06\/tildes.jpg\" alt=\"Tilde\" width=\"25\" height=\"22\" border=\"0\" \/><strong>ATENCION ESTUDIANTES<\/strong><\/p>\n<p>Se informa a los estudiantes que desde el<strong> lunes 20 de Abril\u00a0 hasta el Viernes\u00a0 24 de Abril hasta las 17 hs se <\/strong>\u00a0podr\u00e1n realizar la <strong>Solicitud de Comisiones Evaluadoras<\/strong> <strong>Extraordinarias (\u00faltima y \u00fanica materia) <\/strong>al siguiente mail<strong>: inst40preceptoria@gmail.com. <\/strong><\/p>\n<p><strong>En el cuerpo del mail debe decir : Apellido y Nombre &#8211; DNI &#8211; UNIDAD CURRICULAR SOLICITADA (A\u00d1O\/CARRERA \/DOCENTE TITULAR DEL A\u00d1O QUE CURSO)<\/strong><\/p>\n<p>Luego de la recepci\u00f3n de mail se les informar\u00e1 la fecha y horario de la comisi\u00f3n solicitada a cada estudiante inscripto.\u00a0<\/p>\n<p>El periodo de la comisi\u00f3n evaluadora ser\u00e1 desde el 04\/05\/26 al 08\/05\/26\u00a0<\/p>\n\n\n<p><\/p>\n\n\n\n<p><\/p>\n","protected":false},"excerpt":{"rendered":"<p>ATENCION ESTUDIANTES Se informa a los estudiantes que desde el lunes 20 de Abril\u00a0 hasta el Viernes\u00a0 24 de Abril hasta las 17 hs se \u00a0podr\u00e1n realizar la Solicitud de Comisiones Evaluadoras Extraordinarias (\u00faltima y \u00fanica materia) al siguiente mail: inst40preceptoria@gmail.com. En el cuerpo del mail debe decir : Apellido y Nombre &#8211; DNI &#8211; &#8230; <a title=\"Solicitud de Comisiones Evaluadoras    Extraordinarias MAYO 2026\" class=\"read-more\" href=\"https:\/\/isfd40-bue.infd.edu.ar\/sitio\/solicitud-de-mesas-extraordinarias\/\" aria-label=\"More on Solicitud de Comisiones Evaluadoras    Extraordinarias MAYO 2026\">[+]<\/a><\/p>\n","protected":false},"author":288,"featured_media":0,"parent":0,"menu_order":0,"comment_status":"closed","ping_status":"closed","template":"","meta":[],"acf":[],"_links":{"self":[{"href":"https:\/\/isfd40-bue.infd.edu.ar\/sitio\/wp-json\/wp\/v2\/pages\/1216"}],"collection":[{"href":"https:\/\/isfd40-bue.infd.edu.ar\/sitio\/wp-json\/wp\/v2\/pages"}],"about":[{"href":"https:\/\/isfd40-bue.infd.edu.ar\/sitio\/wp-json\/wp\/v2\/types\/page"}],"author":[{"embeddable":true,"href":"https:\/\/isfd40-bue.infd.edu.ar\/sitio\/wp-json\/wp\/v2\/users\/288"}],"replies":[{"embeddable":true,"href":"https:\/\/isfd40-bue.infd.edu.ar\/sitio\/wp-json\/wp\/v2\/comments?post=1216"}],"version-history":[{"count":59,"href":"https:\/\/isfd40-bue.infd.edu.ar\/sitio\/wp-json\/wp\/v2\/pages\/1216\/revisions"}],"predecessor-version":[{"id":3865,"href":"https:\/\/isfd40-bue.infd.edu.ar\/sitio\/wp-json\/wp\/v2\/pages\/1216\/revisions\/3865"}],"wp:attachment":[{"href":"https:\/\/isfd40-bue.infd.edu.ar\/sitio\/wp-json\/wp\/v2\/media?parent=1216"}],"curies":[{"name":"wp","href":"https:\/\/api.w.org\/{rel}","templated":true}]}}