{"id":1361,"date":"2019-09-27T14:51:19","date_gmt":"2019-09-27T17:51:19","guid":{"rendered":"https:\/\/isfd40-bue.infd.edu.ar\/sitio\/?page_id=1361"},"modified":"2024-02-05T15:51:51","modified_gmt":"2024-02-05T18:51:51","slug":"__trashed","status":"publish","type":"page","link":"https:\/\/isfd40-bue.infd.edu.ar\/sitio\/__trashed\/","title":{"rendered":"Caducidad del Plan de Estudio"},"content":{"rendered":"<h1 style=\"text-align: center;\"><span style=\"font-family: 'comic sans ms', sans-serif; font-size: 12pt; color: #339966;\">Caducidad de los Planes de Estudio o cierre de Carreras:<\/span><\/h1>\n<p style=\"text-align: justify;\"><span style=\"font-family: 'comic sans ms', sans-serif; font-size: 12pt; color: #339966;\">Los Planes de Estudio caducan desde que los mismos son reemplazados por otros.<br \/>\nAnte la caducidad de planes de estudio o cierres de carrera, los procedimientos a seguir institucionalmente, para garantizar los derechos de los estudiantes y la continuidad acad\u00e9mica, podr\u00e1n ser:<\/span><\/p>\n<ol>\n<li>\n<p style=\"text-align: justify;\"><span style=\"font-family: 'comic sans ms', sans-serif; font-size: 12pt; color: #339966;\">A) Los estudiantes que finalizaron y aprobaron la totalidad de las cursadas del plan caducado y adeudan finales, tendr\u00e1n un plazo m\u00e1ximo de dos (2) a\u00f1os calendario para rendir los ex\u00e1menes finales. De no hacerlo, podr\u00e1n solicitar equivalencias a otro plan vigente.<\/span><\/p>\n<\/li>\n<li>\n<p style=\"text-align: justify;\"><span style=\"font-family: 'comic sans ms', sans-serif; font-size: 12pt; color: #339966;\">B) Los estudiantes que a la fecha de caducidad del plan poseen, aprobadas con examen final, el 70% de las unidades curriculares del plan derogado, podr\u00e1n rendir el 30% restante en la condici\u00f3n de estudiante libre, en un plazo m\u00e1ximo de dos (2) a\u00f1os calendarios para rendir los ex\u00e1menes finales. En lo relativo a las carreras que poseen unidades curriculares vinculadas al campo de las pr\u00e1cticas docentes, de la pr\u00e1ctica profesional y\/o talleres, seminarios, ateneos u otros formatos presenciales obligatorios, las mismas deber\u00e1n ser presenciales y cursarlas en el marco del plan de transici\u00f3n que le garantice la continuidad acad\u00e9mica.<\/span><\/p>\n<\/li>\n<li>\n<p style=\"text-align: justify;\"><span style=\"font-family: 'comic sans ms', sans-serif; font-size: 12pt; color: #339966;\">C) Los estudiantes que no re\u00fanan el requisito indicado en A) y B) tendr\u00e1n derecho a un plan de transici\u00f3n para la continuidad acad\u00e9mica, en el plan de estudios que reemplace al derogado. El mismo se formular\u00e1 atendiendo:<\/span><\/p>\n<\/li>\n<\/ol>\n<p style=\"text-align: justify;\"><span style=\"font-family: 'comic sans ms', sans-serif; font-size: 12pt; color: #339966;\">&#8211; Equivalencia de las materias de igual denominaci\u00f3n, que permitan la aprobaci\u00f3n de las unidades curriculares en el nuevo plan de estudios.<\/span><\/p>\n<p style=\"text-align: justify;\"><span style=\"font-family: 'comic sans ms', sans-serif; font-size: 12pt; color: #339966;\">&#8211; La correspondencia y\/o homologaci\u00f3n de contenidos de las unidades curriculares entre planes de estudio, que permitan la aprobaci\u00f3n de cursada en el nuevo plan de estudios.<\/span><\/p>\n<p style=\"text-align: justify;\"><span style=\"font-family: 'comic sans ms', sans-serif; font-size: 12pt; color: #339966;\">&#8211; R\u00e9gimen de Correlatividades.<\/span><\/p>\n<p style=\"text-align: justify;\"><span style=\"font-family: 'comic sans ms', sans-serif; font-size: 12pt; color: #339966;\">&#8211; Listado de materias que el alumno podr\u00e1 solicitar, para rendir en condici\u00f3n de libre, exceptuadas las unidades curriculares o materias vinculadas al campo de la formaci\u00f3n espec\u00edfica y el campo de la pr\u00e1cticas docentes, de la pr\u00e1ctica profesional y\/o talleres, seminarios, ateneos u otros formatos presenciales obligatorios, las mismas deber\u00e1n ser presenciales y cursarlas en el marco del Plan de transici\u00f3n que le garantice la continuidad acad\u00e9mica.<br \/>\n-Las definiciones institucionales para garantizar la evaluaci\u00f3n del plan de transici\u00f3n.<\/span><\/p>\n<p style=\"text-align: justify;\"><span style=\"font-family: 'comic sans ms', sans-serif; font-size: 12pt; color: #339966;\">La implementaci\u00f3n del Plan de transici\u00f3n es responsabilidad del Equipo de Conducci\u00f3n Institucional.<\/span><\/p>\n<ol>\n<li>\n<p style=\"text-align: justify;\"><span style=\"font-family: 'comic sans ms', sans-serif; font-size: 12pt; color: #339966;\">D) Ante el cierre de carrera, en una instituci\u00f3n, los estudiantes podr\u00e1n solicitar el pase a otro servicio educativo.<\/span><\/p>\n<\/li>\n<\/ol>\n<table border=\"0\">\n<tbody>\n<tr>\n<td><strong><span style=\"color: #339966;\"><img decoding=\"async\" loading=\"lazy\" title=\"Tilde\" src=\"https:\/\/isfd40-bue.infd.edu.ar\/sitio\/wp-content\/uploads\/2018\/06\/tildes.jpg\" alt=\"Tilde\" width=\"19\" height=\"17\" border=\"0\" \/><\/span><\/strong><span style=\"color: #339966;\"><span style=\"font-family: 'comic sans ms', sans-serif;\"><strong>RESOLUCI\u00d3N N\u00ba 1636\/17\u00a0\u00a0<\/strong> \u00a0 \u00a0<\/span><\/span><strong> \u00a0 \u00a0 \u00a0 \u00a0 \u00a0 \u00a0 \u00a0 \u00a0 \u00a0 \u00a0 \u00a0 \u00a0 \u00a0 \u00a0 \u00a0 \u00a0 \u00a0<\/strong><\/td>\n<td><a title=\"Resolucion_4043_09\" href=\"https:\/\/isfd40-bue.infd.edu.ar\/sitio\/wp-content\/uploads\/2019\/09\/RES-1639-17_ANEXO_01__cierre_de_carrera.pdf\" target=\"_blank\" rel=\"noopener\"><img decoding=\"async\" loading=\"lazy\" class=\"alignnone\" title=\"Descarga\" src=\"https:\/\/isfd40-bue.infd.edu.ar\/sitio\/wp-content\/uploads\/2018\/06\/descarga_logo.png\" alt=\"Descarga\" width=\"25\" height=\"25\" border=\"0\" \/><\/a><\/td>\n<\/tr>\n<\/tbody>\n<\/table>\n","protected":false},"excerpt":{"rendered":"<p>Caducidad de los Planes de Estudio o cierre de Carreras: Los Planes de Estudio caducan desde que los mismos son reemplazados por otros. Ante la caducidad de planes de estudio o cierres de carrera, los procedimientos a seguir institucionalmente, para garantizar los derechos de los estudiantes y la continuidad acad\u00e9mica, podr\u00e1n ser: A) Los estudiantes &#8230; <a title=\"Caducidad del Plan de Estudio\" class=\"read-more\" href=\"https:\/\/isfd40-bue.infd.edu.ar\/sitio\/__trashed\/\" aria-label=\"More on Caducidad del Plan de Estudio\">[+]<\/a><\/p>\n","protected":false},"author":7,"featured_media":0,"parent":0,"menu_order":0,"comment_status":"closed","ping_status":"closed","template":"","meta":[],"acf":[],"_links":{"self":[{"href":"https:\/\/isfd40-bue.infd.edu.ar\/sitio\/wp-json\/wp\/v2\/pages\/1361"}],"collection":[{"href":"https:\/\/isfd40-bue.infd.edu.ar\/sitio\/wp-json\/wp\/v2\/pages"}],"about":[{"href":"https:\/\/isfd40-bue.infd.edu.ar\/sitio\/wp-json\/wp\/v2\/types\/page"}],"author":[{"embeddable":true,"href":"https:\/\/isfd40-bue.infd.edu.ar\/sitio\/wp-json\/wp\/v2\/users\/7"}],"replies":[{"embeddable":true,"href":"https:\/\/isfd40-bue.infd.edu.ar\/sitio\/wp-json\/wp\/v2\/comments?post=1361"}],"version-history":[{"count":5,"href":"https:\/\/isfd40-bue.infd.edu.ar\/sitio\/wp-json\/wp\/v2\/pages\/1361\/revisions"}],"predecessor-version":[{"id":3140,"href":"https:\/\/isfd40-bue.infd.edu.ar\/sitio\/wp-json\/wp\/v2\/pages\/1361\/revisions\/3140"}],"wp:attachment":[{"href":"https:\/\/isfd40-bue.infd.edu.ar\/sitio\/wp-json\/wp\/v2\/media?parent=1361"}],"curies":[{"name":"wp","href":"https:\/\/api.w.org\/{rel}","templated":true}]}}