{"id":1558,"date":"2020-04-16T20:22:45","date_gmt":"2020-04-16T23:22:45","guid":{"rendered":"https:\/\/isfd40-bue.infd.edu.ar\/sitio\/?page_id=1558"},"modified":"2024-02-05T15:09:18","modified_gmt":"2024-02-05T18:09:18","slug":"certificados","status":"publish","type":"page","link":"https:\/\/isfd40-bue.infd.edu.ar\/sitio\/certificados\/","title":{"rendered":"Certificados para Estudiantes y Docentes"},"content":{"rendered":"<p>Complete todos los datos con cuidado, ser\u00e1n utilizados para confeccionar el certificado. El certificado ser\u00e1 enviada al correo electr\u00f3nico que Ud. proporcione.<\/p>\n<p><iframe loading=\"lazy\" src=\"https:\/\/docs.google.com\/forms\/d\/e\/1FAIpQLSd7R8XN7OuLJ8WDolOl_IdcUImdifd3dCDtaUSk-UrFExaAHw\/viewform?embedded=true\" width=\"700\" height=\"800\" frameborder=\"0\" marginwidth=\"0\" marginheight=\"0\">Cargando\u2026<\/iframe><\/p>\n","protected":false},"excerpt":{"rendered":"<p>Complete todos los datos con cuidado, ser\u00e1n utilizados para confeccionar el certificado. El certificado ser\u00e1 enviada al correo electr\u00f3nico que Ud. proporcione. Cargando\u2026<\/p>\n","protected":false},"author":7,"featured_media":0,"parent":0,"menu_order":0,"comment_status":"closed","ping_status":"closed","template":"","meta":[],"acf":[],"_links":{"self":[{"href":"https:\/\/isfd40-bue.infd.edu.ar\/sitio\/wp-json\/wp\/v2\/pages\/1558"}],"collection":[{"href":"https:\/\/isfd40-bue.infd.edu.ar\/sitio\/wp-json\/wp\/v2\/pages"}],"about":[{"href":"https:\/\/isfd40-bue.infd.edu.ar\/sitio\/wp-json\/wp\/v2\/types\/page"}],"author":[{"embeddable":true,"href":"https:\/\/isfd40-bue.infd.edu.ar\/sitio\/wp-json\/wp\/v2\/users\/7"}],"replies":[{"embeddable":true,"href":"https:\/\/isfd40-bue.infd.edu.ar\/sitio\/wp-json\/wp\/v2\/comments?post=1558"}],"version-history":[{"count":13,"href":"https:\/\/isfd40-bue.infd.edu.ar\/sitio\/wp-json\/wp\/v2\/pages\/1558\/revisions"}],"predecessor-version":[{"id":3124,"href":"https:\/\/isfd40-bue.infd.edu.ar\/sitio\/wp-json\/wp\/v2\/pages\/1558\/revisions\/3124"}],"wp:attachment":[{"href":"https:\/\/isfd40-bue.infd.edu.ar\/sitio\/wp-json\/wp\/v2\/media?parent=1558"}],"curies":[{"name":"wp","href":"https:\/\/api.w.org\/{rel}","templated":true}]}}