{"id":1698,"date":"2021-11-19T20:24:06","date_gmt":"2021-11-19T23:24:06","guid":{"rendered":"https:\/\/isfd40-bue.infd.edu.ar\/sitio\/?page_id=1698"},"modified":"2026-02-25T15:28:57","modified_gmt":"2026-02-25T18:28:57","slug":"inscripcion-a-carreras-2","status":"publish","type":"page","link":"https:\/\/isfd40-bue.infd.edu.ar\/sitio\/inscripcion-a-carreras-2\/","title":{"rendered":"Inscripci\u00f3n a Carreras"},"content":{"rendered":"\n<p><\/p>\n\n\n\n<h1 class=\"wp-block-heading has-text-align-center has-text-color\" style=\"color:#2d20e3\"><strong>Ciclo Lectivo 20<\/strong>26 &#8211; <strong><span style=\"color: #0000ff;\">Inscripci\u00f3n a Carreras<\/span><\/strong><\/h1>\n\n\n\n<p>A partir del <strong>d\u00eda 12 de Noviembre 2025<\/strong> se habilitar\u00e1 la Pre-inscripci\u00f3n a&nbsp;Profesorados y Tecnicaturas. Los aspirantes realizar\u00e1n su inscripci\u00f3n en 2 ETAPAS.<\/p>\n\n\n\n<p><span style=\"color: #008000;\"><b style=\"color: #008000;\">1\u00ba ETAPA: Preinscripci\u00f3n Institucional (Instancia online desde el 12\/11\/25 hasta el 06\/03\/2<\/b><\/span>6. <\/p>\n\n\n\n<p>Antes de iniciar las preinscripci\u00f3n deber\u00e1 contar&nbsp;<span style=\"color: #ff0000;\"><strong>OBLIGATORIAMENTE<\/strong><\/span>&nbsp;con una cuenta de correo electr\u00f3nico de&nbsp;<span style=\"color: #ff0000;\"><strong>Gmail<\/strong><\/span> (el nombre de usuario debe ser el nombre del ingresante) y una copia escaneada del frente del DNI. <\/p>\n\n\n\n<p class=\"has-black-color has-text-color\">Completar el&nbsp;<strong>Formulario de Pre-inscripci\u00f3n 2026 <\/strong>de la carrera elegida (que se encuentra al final de esta p\u00e1gina). En este formulario se deber\u00e1 adjuntar el frente del DNI,  no podr\u00e1 completar el formulario si no carga la foto de su DNI.<\/p>\n\n\n\n<p><span style=\"color: #339966;\"><strong>2\u00b0 ETAPA: Recepci\u00f3n de documentaci\u00f3n en el Instituto (Desde el <strong>18\/02\/26 hasta el  06\/03\/26)<\/strong><\/strong><\/span>. <strong>Tendr\u00e1 que<\/strong> <strong>presentar en el Instituto, TODA la documentaci\u00f3n que <strong>se detalla<\/strong><\/strong> <strong>a continuaci\u00f3n<\/strong>:<\/p>\n\n\n\n<ul>\n<li><span style=\"color: #ff0000;\"><b>Planilla de Inscripci\u00f3n&nbsp;<a href=\"https:\/\/drive.google.com\/file\/d\/1C7YUczFY4uDlVKVjLy0RnojB2KLJWEMc\/view?usp=sharing\">A1<\/a> <\/b><\/span>(Descargar la planilla, completarla, firmarla y pegar una foto en el recuadro)                                                                 <sub>   <a rel=\"noreferrer noopener\" href=\"https:\/\/drive.google.com\/file\/d\/1BLidJCEcSz5nuA3aqt92RFYVxjwRtpal\/view?usp=drive_link\" target=\"_blank\"><img decoding=\"async\" class=\"wp-image-2611\" style=\"width: 50px;\" src=\"https:\/\/isfd40-bue.infd.edu.ar\/sitio\/wp-content\/uploads\/2022\/11\/pdf-1.png\" alt=\"\"><\/a><\/sub>(Nuevo Formulario)<\/li>\n\n\n\n<li><span style=\"color: #ff0000;\"><strong>Fotocopia de DNI <\/strong><\/span>(ambos lados)<\/li>\n\n\n\n<li>2 <span style=\"color: #ff0000;\"><strong>Foto Carnet <\/strong><\/span><\/li>\n\n\n\n<li><span style=\"color: #ff0000;\"><strong>Fotocopia de t\u00edtulo Secundario <\/strong><\/span>(ambos lados)\n<ul>\n<li>Si termin\u00f3 la secundaria pero no tiene el t\u00edtulo pida en su escuela un certificado de t\u00edtulo en tr\u00e1mite.<\/li>\n\n\n\n<li>Si todav\u00eda est\u00e1 cursando el \u00faltimo a\u00f1o de secundaria, pida una Constancia de Alumno Regular. Quienes se inscriban con Constancia de Alumno regular,&nbsp;<strong><em>deber\u00e1n entregar antes del 31 de mayo el certificado de t\u00edtulo en tr\u00e1mite para poder continuar con sus estudios<\/em><\/strong>.  <\/li>\n<\/ul>\n<\/li>\n\n\n\n<li><span style=\"color: #ff0000;\"><strong>Certificado M\u00e9dico<\/strong><\/span> de buena salud general.<\/li>\n\n\n\n<li><span style=\"color: #ff0000;\"><strong>Carpeta Colgante <\/strong><\/span>( se vende en la biblioteca)<\/li>\n<\/ul>\n\n\n\n<h6 class=\"wp-block-heading has-text-color\" style=\"color:#f14545\"><mark style=\"background-color:rgba(0, 0, 0, 0)\" class=\"has-inline-color has-vivid-red-color\"><span style=\"color: #ff0000;\"><strong>Completadas las 2 etapas de Inscripci\u00f3n <strong>se le dar\u00e1 un n\u00famero de orden<\/strong>, gener\u00e1ndose dos listas:<\/strong><\/span><\/mark>  *<strong>Lista de ingresantes 202<\/strong>6. *<strong>Lista de espera.<\/strong><\/h6>\n\n\n\n<h6 class=\"wp-block-heading has-text-color\" style=\"color:#4e46f1;font-size:15px\"><strong>ASOCIACI\u00d3N COOPERADORA<\/strong><span style=\"color: #0000ff;\">: <strong>EN ESTA ETAPA DE LA INSCRIPCI\u00d3N,  SE AGRADECE LA COLABORACION CON EL BONO CONTRIBUCION UNICO Y ANUAL  PARA TODAS LAS CARRERAS, &nbsp;QUE PODRA ABONAR EN 2 PAGO. A PESAR DE SER UN PAGO VOLUNTARIO ES MUY NECESARIO PARA EL BUEN FUNCIONAMIENTO DE LA INSTITUCI\u00d3N.<\/strong><\/span><\/h6>\n\n\n\n<h2 class=\"wp-block-heading has-text-color\" style=\"color:#eb2828;font-size:19px\"><strong>La no entrega de DOCUMENTACI\u00d3N  implica la p\u00e9rdida de su vacante.       Fecha de inicio<\/strong> de clases : Lunes 16\/03\/26.<\/h2>\n\n\n\n<p><\/p>\n\n\n\n<h2 class=\"wp-block-heading has-text-align-center has-accent-color has-text-color\" style=\"font-size:23px\"><span style=\"color: #ff0000;\">Formularios de Pre-inscripci\u00f3n a Carreras 202<\/span>6 &#8211; 25\/2\/26 las carreras de Psicopegagog\u00eda y Enfermer\u00eda ya no cuentan con mas cupo de Inscripci\u00f3n<\/h2>\n\n\n\n<p class=\"has-text-align-center\"><strong>Recordamos que en el ciclo lectivo 2026 <\/strong><\/p>\n\n\n\n<figure class=\"wp-block-table is-style-regular\"><table><tbody><tr><td class=\"has-text-align-center\" data-align=\"center\"><strong><a href=\"https:\/\/docs.google.com\/forms\/d\/e\/1FAIpQLScpylWU8aC1-e03OEYH5bLwbWpAFBIs3UQtllIy_Mh5YbIa-A\/viewform?usp=header\">Inscripci\u00f3n al Prof. de Biolog\u00eda<\/a><\/strong><\/td><td class=\"has-text-align-center\" data-align=\"center\"><strong><a href=\"https:\/\/docs.google.com\/forms\/d\/e\/1FAIpQLScMHj0qd_mUdodbPPU0i0rhP1Ubs7ft9-AsX60QiLf1QihOhA\/viewform?usp=header\">Inscripci\u00f3n al Prof. de Educaci\u00f3n Secundaria en Matem\u00e1tica<\/a><\/strong><\/td><\/tr><tr><td class=\"has-text-align-center\" data-align=\"center\"><strong><a href=\"https:\/\/docs.google.com\/forms\/d\/e\/1FAIpQLSfXHg2upYP7ZzI2UuEZNHvoRf0gsBJPPHWpBkS8wdtSxiF2_Q\/viewform?usp=header\">Inscripci\u00f3n en Tec. en Acompa\u00f1ante Terap\u00e9utico<\/a><\/strong><\/td><td class=\"has-text-align-center\" data-align=\"center\"><\/td><\/tr><tr><td class=\"has-text-align-center\" data-align=\"center\"><strong><a href=\"https:\/\/docs.google.com\/forms\/d\/e\/1FAIpQLSc9UKOKLgbmZvamqp8hfX6XrjcB2gAD2X-JpqCepUQWPHB74w\/viewform?usp=header\">Inscripci\u00f3n al Prof. de Educaci\u00f3n Especial con orientaci\u00f3n en Discapacidad Intelectual<\/a><\/strong><\/td><td class=\"has-text-align-center\" data-align=\"center\"><strong><a href=\"https:\/\/forms.gle\/hsJjYVajNFqTkGav5\">Inscripci\u00f3n al Prof. de Educaci\u00f3n <\/a><a href=\"https:\/\/docs.google.com\/forms\/d\/e\/1FAIpQLSchj2-9n0wwZVkE1myXvEXu_MewexO7yn-z9-QcsUw3WTT42g\/viewform?usp=header\">Primaria<\/a><\/strong><\/td><\/tr><tr><td class=\"has-text-align-center\" data-align=\"center\"><strong><a href=\"https:\/\/forms.gle\/EUxoz76oPW7BBRKp6\">Inscripci\u00f3n al Prof. de <\/a><a href=\"https:\/\/docs.google.com\/forms\/d\/e\/1FAIpQLSfOt65WKk6oaVhoShdbrDIVcJKawnj_q1GefgGcOdsBUThM6A\/viewform?usp=header\">Historia<\/a><\/strong><\/td><td class=\"has-text-align-center\" data-align=\"center\"><a href=\"https:\/\/docs.google.com\/forms\/d\/e\/1FAIpQLScWyoJnSj28LPmBUljQ0z7aUd3sytwr38FX2LiAW8mXcfw1Bw\/viewform?usp=header\">Inscripci\u00f3n  en Enfermer\u00eda<\/a><\/td><\/tr><tr><td class=\"has-text-align-center\" data-align=\"center\"><strong><a href=\"https:\/\/docs.google.com\/forms\/d\/e\/1FAIpQLSf5Tz3Jc8HQ3huj9dBgSriEjPX2exBb7_uY0i1o6dfVOmGlaA\/viewform?usp=header\">Inscripci\u00f3n al Prof. de Educaci\u00f3n Secundaria en Lengua y Literatura<\/a><\/strong><\/td><td class=\"has-text-align-center\" data-align=\"center\"><strong><a href=\"https:\/\/docs.google.com\/forms\/d\/e\/1FAIpQLScvzcXfWUAe7XYjWphH_6p42bUEr7hHNgxpST51b92L31tWDQ\/viewform?usp=publish-editor\">Inscripci\u00f3n a la Tec. Superior en <\/a><a href=\"https:\/\/docs.google.com\/forms\/d\/e\/1FAIpQLScvzcXfWUAe7XYjWphH_6p42bUEr7hHNgxpST51b92L31tWDQ\/viewform?usp=header\">Psicopedagog\u00eda<\/a><\/strong><\/td><\/tr><\/tbody><\/table><\/figure>\n\n\n\n<p class=\"has-text-align-center has-text-color has-medium-font-size\" style=\"color:#4b09f2\"><span style=\"color: #ff0000;\"><em><strong>Al enviar de este formulario, usted est\u00e1 preinscripto; su vacante se confirmar\u00e1 al terminar con la 2\u00b0 etapa de inscripci\u00f3n <\/strong><\/em><\/span><\/p>\n\n\n\n<figure class=\"wp-block-table\"><table><thead><tr><th class=\"has-text-align-left\" data-align=\"left\"><strong><mark style=\"background-color:rgba(0, 0, 0, 0);color:#3a9a77\" class=\"has-inline-color\">OFERTA EDUCATIVA 202<\/mark><\/strong>6<\/th><th class=\"has-text-align-center\" data-align=\"center\"><span style=\"color:#22a273\" class=\"has-inline-color\">DISE\u00d1OS<\/span><\/th><\/tr><\/thead><tbody><tr><td class=\"has-text-align-left\" data-align=\"left\"><span style=\"font-family: 'comic sans ms', sans-serif; font-size: 12pt; color: #339966;\"><img decoding=\"async\" loading=\"lazy\" title=\"Tilde\" src=\"https:\/\/isfd40-bue.infd.edu.ar\/sitio\/wp-content\/uploads\/2018\/06\/tildes.jpg\" alt=\"Tilde\" width=\"19\" height=\"17\" border=\"0\">PROFESOR DE EDUCACI\u00d3N PRIMARIA<\/span><\/td><td class=\"has-text-align-center\" data-align=\"center\"><span style=\"font-family: 'comic sans ms', sans-serif; font-size: 12pt; color: #339966;\"><a title=\"Profesorado en Educaci\u00f3n Especial\" href=\"https:\/\/isfd40-bue.infd.edu.ar\/sitio\/wp-content\/uploads\/sitio\/Disen_o_Inicial_Primaria.pdf\" target=\"_blank\" rel=\"noopener\"><img decoding=\"async\" loading=\"lazy\" class=\"alignnone\" title=\"Descarga\" src=\"https:\/\/isfd40-bue.infd.edu.ar\/sitio\/wp-content\/uploads\/2018\/06\/descarga_logo.png\" alt=\"Descarga\" width=\"25\" height=\"25\" border=\"0\"><\/a><\/span><\/td><\/tr><tr><td class=\"has-text-align-left\" data-align=\"left\"><span style=\"font-family: 'comic sans ms', sans-serif; font-size: 12pt; color: #339966;\"><img decoding=\"async\" loading=\"lazy\" title=\"Tilde\" src=\"https:\/\/isfd40-bue.infd.edu.ar\/sitio\/wp-content\/uploads\/2018\/06\/tildes.jpg\" alt=\"Tilde\" width=\"19\" height=\"17\" border=\"0\">PROFESOR DE EDUCACI\u00d3N ESPECIAL CON ORIENTACI\u00d3N EN DISCAPACIDAD INTELECTUAL<\/span><\/td><td class=\"has-text-align-center\" data-align=\"center\"><span style=\"font-family: 'comic sans ms', sans-serif; font-size: 12pt; color: #339966;\"><a title=\"Profesorado en Educaci\u00f3n Especial\" href=\"upload\/res1009-09_educ_especial.pdf\" target=\"_blank\" rel=\"noopener\"><img decoding=\"async\" loading=\"lazy\" title=\"Descarga\" src=\"https:\/\/isfd40-bue.infd.edu.ar\/sitio\/wp-content\/uploads\/2018\/06\/descarga_logo.png\" alt=\"Descarga\" width=\"25\" height=\"25\" border=\"0\"><\/a><\/span><\/td><\/tr><tr><td class=\"has-text-align-left\" data-align=\"left\"><span style=\"font-family: 'comic sans ms', sans-serif; font-size: 12pt; color: #339966;\"><img decoding=\"async\" loading=\"lazy\" title=\"Tilde\" src=\"https:\/\/isfd40-bue.infd.edu.ar\/sitio\/wp-content\/uploads\/2018\/06\/tildes.jpg\" alt=\"Tilde\" width=\"19\" height=\"17\" border=\"0\">PROFESOR DE EDUCACI\u00d3N SECUNDARIA EN BIOLOG\u00cdA<\/span><\/td><td class=\"has-text-align-center\" data-align=\"center\"><span style=\"font-family: 'comic sans ms', sans-serif; font-size: 12pt; color: #339966;\"><a href=\"https:\/\/drive.google.com\/file\/d\/1-cutL4OedjwpkzOTkMDRpKf3cJVxryVB\/view?usp=share_link\" target=\"_blank\" rel=\"noreferrer noopener\"><img decoding=\"async\" loading=\"lazy\" title=\"Descarga\" src=\"https:\/\/isfd40-bue.infd.edu.ar\/sitio\/wp-content\/uploads\/2018\/06\/descarga_logo.png\" alt=\"Descarga\" width=\"25\" height=\"25\" border=\"0\"><\/a><\/span><\/td><\/tr><tr><td class=\"has-text-align-left\" data-align=\"left\"><span style=\"font-family: 'comic sans ms', sans-serif; font-size: 12pt; color: #339966;\"><img decoding=\"async\" loading=\"lazy\" title=\"Tilde\" src=\"https:\/\/isfd40-bue.infd.edu.ar\/sitio\/wp-content\/uploads\/2018\/06\/tildes.jpg\" alt=\"Tilde\" width=\"19\" height=\"17\" border=\"0\">PROFESOR DE EDUCACI\u00d3N SECUNDARIA EN HISTORIA<\/span><\/td><td class=\"has-text-align-center\" data-align=\"center\"><span style=\"font-family: 'comic sans ms', sans-serif; font-size: 12pt; color: #339966;\"><a href=\"https:\/\/drive.google.com\/file\/d\/1o9WJjA5q3ULW9ym4H19XuveRiqjnp1C5\/view?usp=share_link\" target=\"_blank\" rel=\"noreferrer noopener\"><img decoding=\"async\" loading=\"lazy\" title=\"Descarga\" class=\"alignnone\" src=\"https:\/\/isfd40-bue.infd.edu.ar\/sitio\/wp-content\/uploads\/2018\/06\/descarga_logo.png\" alt=\"Descarga\" width=\"25\" height=\"25\" border=\"0\"><\/a><\/span><\/td><\/tr><tr><td class=\"has-text-align-left\" data-align=\"left\"><span style=\"font-family: 'comic sans ms', sans-serif; font-size: 12pt; color: #339966;\"><img decoding=\"async\" loading=\"lazy\" title=\"Tilde\" src=\"https:\/\/isfd40-bue.infd.edu.ar\/sitio\/wp-content\/uploads\/2018\/06\/tildes.jpg\" alt=\"Tilde\" width=\"19\" height=\"17\" border=\"0\">PROFESOR DE EDUCACI\u00d3N SECUNDARIA EN MATEM\u00c1TICA<\/span><\/td><td class=\"has-text-align-center\" data-align=\"center\"><span style=\"font-family: 'comic sans ms', sans-serif; font-size: 12pt; color: #339966;\"><a href=\"https:\/\/drive.google.com\/file\/d\/15IsrdFVdsbG2VGBxDKF7SaE2Oh00SHOE\/view?usp=share_link\" target=\"_blank\" rel=\"noreferrer noopener\"><img decoding=\"async\" loading=\"lazy\" title=\"Descarga\" src=\"https:\/\/isfd40-bue.infd.edu.ar\/sitio\/wp-content\/uploads\/2018\/06\/descarga_logo.png\" alt=\"Descarga\" width=\"25\" height=\"25\" border=\"0\"><\/a><\/span><\/td><\/tr><tr><td class=\"has-text-align-left\" data-align=\"left\"><span style=\"font-family: 'comic sans ms', sans-serif; font-size: 12pt; color: #339966;\"><img decoding=\"async\" loading=\"lazy\" title=\"Tilde\" src=\"https:\/\/isfd40-bue.infd.edu.ar\/sitio\/wp-content\/uploads\/2018\/06\/tildes.jpg\" alt=\"Tilde\" width=\"19\" height=\"17\" border=\"0\">PROFESOR DE EDUCACI\u00d3N SECUNDARIA EN LENGUA Y LITERATURA<\/span><\/td><td class=\"has-text-align-center\" data-align=\"center\"><span style=\"font-family: 'comic sans ms', sans-serif; font-size: 12pt; color: #339966;\"><a href=\"https:\/\/drive.google.com\/file\/d\/1E-udWj3S-8BaCkbUdzu6i08MEyqlq5MF\/view?usp=share_link\" target=\"_blank\" rel=\"noreferrer noopener\"><img decoding=\"async\" loading=\"lazy\" title=\"Descarga\" src=\"https:\/\/isfd40-bue.infd.edu.ar\/sitio\/wp-content\/uploads\/2018\/06\/descarga_logo.png\" alt=\"Descarga\" width=\"25\" height=\"25\" border=\"0\"><\/a><\/span><\/td><\/tr><tr><td class=\"has-text-align-left\" data-align=\"left\"><span style=\"font-family: 'comic sans ms', sans-serif; font-size: 12pt; color: #339966;\"><img decoding=\"async\" loading=\"lazy\" title=\"Tilde\" src=\"https:\/\/isfd40-bue.infd.edu.ar\/sitio\/wp-content\/uploads\/2018\/06\/tildes.jpg\" alt=\"Tilde\" width=\"19\" height=\"17\" border=\"0\">TECNICATURA SUPERIOR EN PSICOPEDAGOG\u00cdA<\/span><\/td><td class=\"has-text-align-center\" data-align=\"center\"><span style=\"font-family: 'comic sans ms', sans-serif; font-size: 12pt; color: #339966;\"><a title=\"Profesorado en Lengua\" href=\"https:\/\/isfd40-bue.infd.edu.ar\/sitio\/wp-content\/uploads\/sitio\/psicopedagogia_exp5801-0-439898-10.pdf\" target=\"_blank\" rel=\"noopener\"><img decoding=\"async\" loading=\"lazy\" class=\"alignnone\" title=\"Descarga\" src=\"https:\/\/isfd40-bue.infd.edu.ar\/sitio\/wp-content\/uploads\/2018\/06\/descarga_logo.png\" alt=\"Descarga\" width=\"25\" height=\"25\" border=\"0\"><\/a><\/span><\/td><\/tr><tr><td class=\"has-text-align-left\" data-align=\"left\"><span style=\"font-family: 'comic sans ms', sans-serif; font-size: 12pt; color: #339966;\"><img decoding=\"async\" loading=\"lazy\" title=\"Tilde\" src=\"https:\/\/isfd40-bue.infd.edu.ar\/sitio\/wp-content\/uploads\/2018\/06\/tildes.jpg\" alt=\"Tilde\" width=\"19\" height=\"17\" border=\"0\">TECNICATURA SUPERIOR EN ENFERMER\u00cdA<\/span><\/td><td class=\"has-text-align-center\" data-align=\"center\"><span style=\"font-family: 'comic sans ms', sans-serif; font-size: 12pt; color: #339966;\"><a title=\"Profesorado en Lengua\" href=\"https:\/\/isfd40-bue.infd.edu.ar\/sitio\/wp-content\/uploads\/sitio\/ResEnfermeria-00854-2016.pdf\" target=\"_blank\" rel=\"noopener\"><img decoding=\"async\" loading=\"lazy\" class=\"alignnone\" title=\"Descarga\" src=\"https:\/\/isfd40-bue.infd.edu.ar\/sitio\/wp-content\/uploads\/2018\/06\/descarga_logo.png\" alt=\"Descarga\" width=\"25\" height=\"25\" border=\"0\"><\/a><\/span><\/td><\/tr><tr><td class=\"has-text-align-left\" data-align=\"left\"><span style=\"font-family: 'comic sans ms', sans-serif; font-size: 12pt; color: #339966;\"><img decoding=\"async\" loading=\"lazy\" title=\"Tilde\" src=\"https:\/\/isfd40-bue.infd.edu.ar\/sitio\/wp-content\/uploads\/2018\/06\/tildes.jpg\" alt=\"Tilde\" width=\"19\" height=\"17\" border=\"0\">TECNICATURA SUPERIOR EN ACOMPA\u00d1AMIENTO TERAP\u00c9UTICO<\/span><\/td><td class=\"has-text-align-center\" data-align=\"center\"><span style=\"font-family: 'comic sans ms', sans-serif; font-size: 12pt; color: #339966;\"><a title=\"Profesorado en Lengua\" href=\"https:\/\/isfd40-bue.infd.edu.ar\/sitio\/wp-content\/uploads\/sitio\/acom_terapeutico.PDF\" target=\"_blank\" rel=\"noopener\"><img decoding=\"async\" loading=\"lazy\" class=\"alignnone\" title=\"Descarga\" src=\"https:\/\/isfd40-bue.infd.edu.ar\/sitio\/wp-content\/uploads\/2018\/06\/descarga_logo.png\" alt=\"Descarga\" width=\"25\" height=\"25\" border=\"0\"><\/a><\/span><\/td><\/tr><\/tbody><\/table><\/figure>\n\n\n\n<p><\/p>\n","protected":false},"excerpt":{"rendered":"<p>Ciclo Lectivo 2026 &#8211; Inscripci\u00f3n a Carreras A partir del d\u00eda 12 de Noviembre 2025 se habilitar\u00e1 la Pre-inscripci\u00f3n a&nbsp;Profesorados y Tecnicaturas. Los aspirantes realizar\u00e1n su inscripci\u00f3n en 2 ETAPAS. 1\u00ba ETAPA: Preinscripci\u00f3n Institucional (Instancia online desde el 12\/11\/25 hasta el 06\/03\/26. Antes de iniciar las preinscripci\u00f3n deber\u00e1 contar&nbsp;OBLIGATORIAMENTE&nbsp;con una cuenta de correo electr\u00f3nico de&nbsp;Gmail &#8230; <a title=\"Inscripci\u00f3n a Carreras\" class=\"read-more\" href=\"https:\/\/isfd40-bue.infd.edu.ar\/sitio\/inscripcion-a-carreras-2\/\" aria-label=\"More on Inscripci\u00f3n a Carreras\">[+]<\/a><\/p>\n","protected":false},"author":288,"featured_media":0,"parent":0,"menu_order":0,"comment_status":"closed","ping_status":"closed","template":"","meta":[],"acf":[],"_links":{"self":[{"href":"https:\/\/isfd40-bue.infd.edu.ar\/sitio\/wp-json\/wp\/v2\/pages\/1698"}],"collection":[{"href":"https:\/\/isfd40-bue.infd.edu.ar\/sitio\/wp-json\/wp\/v2\/pages"}],"about":[{"href":"https:\/\/isfd40-bue.infd.edu.ar\/sitio\/wp-json\/wp\/v2\/types\/page"}],"author":[{"embeddable":true,"href":"https:\/\/isfd40-bue.infd.edu.ar\/sitio\/wp-json\/wp\/v2\/users\/288"}],"replies":[{"embeddable":true,"href":"https:\/\/isfd40-bue.infd.edu.ar\/sitio\/wp-json\/wp\/v2\/comments?post=1698"}],"version-history":[{"count":143,"href":"https:\/\/isfd40-bue.infd.edu.ar\/sitio\/wp-json\/wp\/v2\/pages\/1698\/revisions"}],"predecessor-version":[{"id":3824,"href":"https:\/\/isfd40-bue.infd.edu.ar\/sitio\/wp-json\/wp\/v2\/pages\/1698\/revisions\/3824"}],"wp:attachment":[{"href":"https:\/\/isfd40-bue.infd.edu.ar\/sitio\/wp-json\/wp\/v2\/media?parent=1698"}],"curies":[{"name":"wp","href":"https:\/\/api.w.org\/{rel}","templated":true}]}}