{"id":286,"date":"2016-10-31T13:17:59","date_gmt":"2016-10-31T16:17:59","guid":{"rendered":"https:\/\/isfd40-bue.infd.edu.ar\/sitio\/?page_id=286"},"modified":"2024-04-07T12:50:49","modified_gmt":"2024-04-07T15:50:49","slug":"inicio","status":"publish","type":"page","link":"https:\/\/isfd40-bue.infd.edu.ar\/sitio\/","title":{"rendered":"ISFDyT N\u00b040 &#8211; Trenque Lauquen"},"content":{"rendered":"\n<p class=\"has-text-align-left has-text-color has-large-font-size\" style=\"color:#f0620e\">*<a href=\"https:\/\/isfd40-bue.infd.edu.ar\/sitio\/tramo-de-formacion-pedagogica\/\"><strong>Atenci\u00f3n! Vencimiento de cursadas<\/strong><\/a><\/p>\n\n\n<h2 style=\"text-align: center;\"><img decoding=\"async\" loading=\"lazy\" class=\"aligncenter\" style=\"vertical-align: middle;\" src=\"https:\/\/isfd40-bue.infd.edu.ar\/aula\/archivos\/repositorio\/0\/41\/ISFDyT40.jpg\" alt=\"\" width=\"915\" height=\"555\" border=\"0\"><span style=\"font-size: 10pt; color: black; font-family: Verdana;\">ISFDyT N\u00b0 40 &#8211; 2392 430149 &#8211; Quintana 110 &#8211;&nbsp; Trenque Lauquen, Pcia de Bs As<\/span><\/h2>\n<h2 style=\"text-align: center;\"><span style=\"font-size: 10pt; color: black; font-family: Verdana;\">E<\/span><span style=\"font-size: 10pt; color: black; font-family: Verdana;\">ste Instituto Superior de Formaci\u00f3n Docente forma parte del sistema de educaci\u00f3n p\u00fablica de gesti\u00f3n estatal.<\/span><\/h2>\n<p style=\"text-align: center;\"><span style=\"font-size: 10pt; color: black; font-family: Verdana;\">Junto con varios cientos de Institutos, integramos la <strong><em><span style=\"font-family: Verdana;\">Red&nbsp;Virtual de Institutos Superiores de Formaci\u00f3n Docente<\/span><\/em><\/strong>&nbsp;coordinada por el <strong><span style=\"font-family: Verdana;\">INFD<\/span><\/strong> (Instituto Nacional de Formaci\u00f3n Docente) dependiente del Ministerio de Educaci\u00f3n de la Naci\u00f3n Argentina.<\/span><\/p>","protected":false},"excerpt":{"rendered":"<p>*Atenci\u00f3n! Vencimiento de cursadas ISFDyT N\u00b0 40 &#8211; 2392 430149 &#8211; Quintana 110 &#8211;&nbsp; Trenque Lauquen, Pcia de Bs As Este Instituto Superior de Formaci\u00f3n Docente forma parte del sistema de educaci\u00f3n p\u00fablica de gesti\u00f3n estatal. Junto con varios cientos de Institutos, integramos la Red&nbsp;Virtual de Institutos Superiores de Formaci\u00f3n Docente&nbsp;coordinada por el INFD (Instituto &#8230; <a title=\"ISFDyT N\u00b040 &#8211; Trenque Lauquen\" class=\"read-more\" href=\"https:\/\/isfd40-bue.infd.edu.ar\/sitio\/\" aria-label=\"More on ISFDyT N\u00b040 &#8211; Trenque Lauquen\">[+]<\/a><\/p>\n","protected":false},"author":1,"featured_media":0,"parent":0,"menu_order":0,"comment_status":"closed","ping_status":"closed","template":"","meta":[],"acf":[],"_links":{"self":[{"href":"https:\/\/isfd40-bue.infd.edu.ar\/sitio\/wp-json\/wp\/v2\/pages\/286"}],"collection":[{"href":"https:\/\/isfd40-bue.infd.edu.ar\/sitio\/wp-json\/wp\/v2\/pages"}],"about":[{"href":"https:\/\/isfd40-bue.infd.edu.ar\/sitio\/wp-json\/wp\/v2\/types\/page"}],"author":[{"embeddable":true,"href":"https:\/\/isfd40-bue.infd.edu.ar\/sitio\/wp-json\/wp\/v2\/users\/1"}],"replies":[{"embeddable":true,"href":"https:\/\/isfd40-bue.infd.edu.ar\/sitio\/wp-json\/wp\/v2\/comments?post=286"}],"version-history":[{"count":221,"href":"https:\/\/isfd40-bue.infd.edu.ar\/sitio\/wp-json\/wp\/v2\/pages\/286\/revisions"}],"predecessor-version":[{"id":3355,"href":"https:\/\/isfd40-bue.infd.edu.ar\/sitio\/wp-json\/wp\/v2\/pages\/286\/revisions\/3355"}],"wp:attachment":[{"href":"https:\/\/isfd40-bue.infd.edu.ar\/sitio\/wp-json\/wp\/v2\/media?parent=286"}],"curies":[{"name":"wp","href":"https:\/\/api.w.org\/{rel}","templated":true}]}}