{"id":2913,"date":"2023-04-17T19:37:06","date_gmt":"2023-04-17T22:37:06","guid":{"rendered":"https:\/\/isfd40-bue.infd.edu.ar\/sitio\/?page_id=2913"},"modified":"2026-02-06T18:25:28","modified_gmt":"2026-02-06T21:25:28","slug":"inscripcion-a-comisiones-evaluadoras","status":"publish","type":"page","link":"https:\/\/isfd40-bue.infd.edu.ar\/sitio\/inscripcion-a-comisiones-evaluadoras\/","title":{"rendered":"Comisiones Evaluadoras"},"content":{"rendered":"\n<pre class=\"wp-block-preformatted has-large-font-size\">Ciclo Lectivo 2025<\/pre>\n\n\n\n<p class=\"has-text-align-center has-text-color has-large-font-size\" style=\"color:#0b9532\"><strong>COMISIONES EVALUADORAS DE <\/strong><\/p>\n\n\n\n<p class=\"has-text-align-center has-text-color has-large-font-size\" style=\"color:#0b9532\"><strong>FEBRERO-MARZO 2026<\/strong> <\/p>\n\n\n\n<p class=\"has-text-align-center has-text-color has-large-font-size\" style=\"color:#0b9532\">SE LLEVAR\u00c1N A CABO DEL 18\/02\/26 AL 09\/03\/26 <\/p>\n\n\n\n<p class=\"has-contrast-color has-text-color has-medium-font-size\">Las inscripciones a comisiones evaluadoras se llevar\u00e1n a cabo desde el VIERNES  26\/12\/25  al VIERNES 06\/02\/26  (HASTA LAS 18 HS) . <br>Recuerden que tienen 72 hs h\u00e1biles para dar de baja su inscripci\u00f3n (cierre a las 18 hs). Estudiantes del plan viejo de Historia y Biolog\u00eda (1\u00b0, 2\u00b0 y 3\u00b0 a\u00f1o ) que adeuden materias y no est\u00e9n en los formularios deben enviar un correo a preceptor\u00eda al siguiente mail: inst40preceptoria@gmail.com <br> <strong> <\/strong><br>Fechas a demanda seg\u00fan inscripciones estar\u00e1n disponibles a partir del  15-12-25 : <a href=\"https:\/\/drive.google.com\/file\/d\/1rdt8lsY0HdNpEr5-6c4ZgXIIFHz6Wkkg\/view?usp=sharing\"><img decoding=\"async\" loading=\"lazy\" width=\"32\" height=\"32\" class=\"wp-image-704\" style=\"\" src=\"https:\/\/isfd40-bue.infd.edu.ar\/sitio\/wp-content\/uploads\/2018\/06\/icono_pdf.gif\" alt=\"\"><\/a><br><\/p>\n\n\n\n<p class=\"has-accent-color has-text-color has-small-font-size\"><\/p>\n\n\n\n<p class=\"has-text-align-center has-contrast-color has-contrast-3-background-color has-text-color has-background has-medium-font-size\"><strong>Para Ia ANULACI\u00d3N <\/strong>de las Comisiones Evaluadoras Febrero\/Marzo 2026 ingresar<strong> a el link <strong>correspondiente<\/strong> a la carrera<\/strong><\/p>\n\n\n\n<figure class=\"wp-block-table\"><table><tbody><tr><td>&#8211;&gt; <strong><a href=\"https:\/\/forms.gle\/iuFnbUfRnzLDCXCc8\" target=\"_blank\" rel=\"noreferrer noopener\">Prof. de Biolog\u00eda<\/a><\/strong><\/td><td>&#8211;&gt; <strong><a href=\"https:\/\/docs.google.com\/forms\/d\/e\/1FAIpQLSfZ6BhE6FENpXawYnCc5f8NSPRBf7HLVrLkZjlAQPeiuNrb5Q\/viewform?usp=header\" target=\"_blank\" rel=\"noreferrer noopener\">Prof. de Primaria<\/a><\/strong><\/td><\/tr><tr><td>&#8211;&gt; <strong><a href=\"https:\/\/forms.gle\/EfUYaaxe4R43Y8TW9\" target=\"_blank\" rel=\"noreferrer noopener\">Prof. en Educ. Especial<\/a><\/strong><\/td><td>&#8211;&gt; <a href=\"https:\/\/forms.gle\/Yjgsw2kKrQPZH8vq9\" target=\"_blank\" rel=\"noreferrer noopener\"><strong>Tec<\/strong>. <\/a><strong>Acompa\u00f1amiento<\/strong><a rel=\"noreferrer noopener\" href=\"https:\/\/forms.gle\/m6tGQAsi1ExPsBWs9\" target=\"_blank\"><strong> <\/strong><\/a><strong><a href=\"https:\/\/forms.gle\/Yjgsw2kKrQPZH8vq9\" target=\"_blank\" rel=\"noreferrer noopener\">terap\u00e9utico<\/a><\/strong><\/td><\/tr><tr><td>&#8211;&gt; <strong><a href=\"https:\/\/forms.gle\/9oZwvwsNt9em7fnb6\" target=\"_blank\" rel=\"noreferrer noopener\">Prof. de Historia<\/a><\/strong><\/td><td>&#8211;&gt; <strong><a href=\"https:\/\/forms.gle\/7m4c6zrGtCyD1hz6A\" target=\"_blank\" rel=\"noreferrer noopener\">Tec. <\/a><a rel=\"noreferrer noopener\" href=\"https:\/\/forms.gle\/N8EkdSDtXmDMPowP9\" target=\"_blank\">en<\/a><a rel=\"noreferrer noopener\" href=\"https:\/\/docs.google.com\/forms\/d\/e\/1FAIpQLSdA_pb1gMOfnWvehqG6e2tnYwBzqiMgbluMDonw-djCeW7CaA\/closedform\" target=\"_blank\"> <\/a><a href=\"https:\/\/forms.gle\/7m4c6zrGtCyD1hz6A\" target=\"_blank\" rel=\"noreferrer noopener\">Enfermer\u00eda<\/a><\/strong><\/td><\/tr><tr><td>&#8211;&gt; <strong><a href=\"https:\/\/forms.gle\/9bJK9F4TVa7emzpk7\" target=\"_blank\" rel=\"noreferrer noopener\">Prof. en Lengua <\/a><a rel=\"noreferrer noopener\" href=\"https:\/\/docs.google.com\/forms\/d\/e\/1FAIpQLSe0s9m8SoBGvhNw7kyqLM9-6gs7OkPsdlM_jmNwk_LHqJ3GBQ\/viewform?usp=header\" target=\"_blank\">y<\/a><a href=\"https:\/\/forms.gle\/9bJK9F4TVa7emzpk7\" target=\"_blank\" rel=\"noreferrer noopener\"> Literatura<\/a><\/strong><\/td><td>&#8211;&gt; <strong><a href=\"https:\/\/forms.gle\/69BYtpiJbYoRKNps9\" target=\"_blank\" rel=\"noreferrer noopener\">Tec. Sup. en Psicopedagog\u00eda<\/a><\/strong><\/td><\/tr><tr><td>&#8211;&gt; <strong><a href=\"https:\/\/docs.google.com\/forms\/d\/e\/1FAIpQLScI74rRDzmSlW82jhzIxSx-EcDpnHzZ4q5pzOR9v1q5yNGitQ\/viewform?usp=header\" target=\"_blank\" rel=\"noreferrer noopener\">Prof. en Matem\u00e1tica<\/a><\/strong><\/td><td><\/td><\/tr><\/tbody><\/table><\/figure>\n\n\n\n<p><\/p>\n","protected":false},"excerpt":{"rendered":"<p>Ciclo Lectivo 2025 COMISIONES EVALUADORAS DE FEBRERO-MARZO 2026 SE LLEVAR\u00c1N A CABO DEL 18\/02\/26 AL 09\/03\/26 Las inscripciones a comisiones evaluadoras se llevar\u00e1n a cabo desde el VIERNES 26\/12\/25 al VIERNES 06\/02\/26 (HASTA LAS 18 HS) . Recuerden que tienen 72 hs h\u00e1biles para dar de baja su inscripci\u00f3n (cierre a las 18 hs). Estudiantes &#8230; <a title=\"Comisiones Evaluadoras\" class=\"read-more\" href=\"https:\/\/isfd40-bue.infd.edu.ar\/sitio\/inscripcion-a-comisiones-evaluadoras\/\" aria-label=\"More on Comisiones Evaluadoras\">[+]<\/a><\/p>\n","protected":false},"author":288,"featured_media":0,"parent":0,"menu_order":0,"comment_status":"closed","ping_status":"closed","template":"","meta":[],"acf":[],"_links":{"self":[{"href":"https:\/\/isfd40-bue.infd.edu.ar\/sitio\/wp-json\/wp\/v2\/pages\/2913"}],"collection":[{"href":"https:\/\/isfd40-bue.infd.edu.ar\/sitio\/wp-json\/wp\/v2\/pages"}],"about":[{"href":"https:\/\/isfd40-bue.infd.edu.ar\/sitio\/wp-json\/wp\/v2\/types\/page"}],"author":[{"embeddable":true,"href":"https:\/\/isfd40-bue.infd.edu.ar\/sitio\/wp-json\/wp\/v2\/users\/288"}],"replies":[{"embeddable":true,"href":"https:\/\/isfd40-bue.infd.edu.ar\/sitio\/wp-json\/wp\/v2\/comments?post=2913"}],"version-history":[{"count":181,"href":"https:\/\/isfd40-bue.infd.edu.ar\/sitio\/wp-json\/wp\/v2\/pages\/2913\/revisions"}],"predecessor-version":[{"id":3811,"href":"https:\/\/isfd40-bue.infd.edu.ar\/sitio\/wp-json\/wp\/v2\/pages\/2913\/revisions\/3811"}],"wp:attachment":[{"href":"https:\/\/isfd40-bue.infd.edu.ar\/sitio\/wp-json\/wp\/v2\/media?parent=2913"}],"curies":[{"name":"wp","href":"https:\/\/api.w.org\/{rel}","templated":true}]}}