{"id":2958,"date":"2023-05-19T20:30:12","date_gmt":"2023-05-19T23:30:12","guid":{"rendered":"https:\/\/isfd40-bue.infd.edu.ar\/sitio\/?page_id=2958"},"modified":"2023-05-21T17:10:43","modified_gmt":"2023-05-21T20:10:43","slug":"consulta-de-estado-academico","status":"publish","type":"page","link":"https:\/\/isfd40-bue.infd.edu.ar\/sitio\/consulta-de-estado-academico\/","title":{"rendered":"Consulta de Estado Acad\u00e9mico"},"content":{"rendered":"\n<p>Mediante el siguiente formulario el estudiante podr\u00e1 <strong>consultar su estado acad\u00e9mico<\/strong>. La informaci\u00f3n enviada <strong>no<\/strong> tendr\u00e1 car\u00e1cter de certificaci\u00f3n, por lo que no podr\u00e1 ser presentada ante ning\u00fan organismo.<\/p>\n\n\n\n<figure class=\"wp-block-image size-full is-resized\"><a href=\"https:\/\/docs.google.com\/forms\/d\/e\/1FAIpQLSe-ELlUguy5YYToctI2wGUPmqVMHLZjFM2NvgbjhGvm46SbOg\/viewform\" target=\"_blank\" rel=\"noreferrer noopener\"><img decoding=\"async\" loading=\"lazy\" src=\"https:\/\/isfd40-bue.infd.edu.ar\/sitio\/wp-content\/uploads\/2023\/05\/Est-Acad.png\" alt=\"\" class=\"wp-image-2968\" width=\"486\" height=\"407\" srcset=\"https:\/\/isfd40-bue.infd.edu.ar\/sitio\/wp-content\/uploads\/2023\/05\/Est-Acad.png 878w, https:\/\/isfd40-bue.infd.edu.ar\/sitio\/wp-content\/uploads\/2023\/05\/Est-Acad-768x644.png 768w\" sizes=\"(max-width: 486px) 100vw, 486px\" \/><\/a><\/figure>\n","protected":false},"excerpt":{"rendered":"<p>Mediante el siguiente formulario el estudiante podr\u00e1 consultar su estado acad\u00e9mico. La informaci\u00f3n enviada no tendr\u00e1 car\u00e1cter de certificaci\u00f3n, por lo que no podr\u00e1 ser presentada ante ning\u00fan organismo.<\/p>\n","protected":false},"author":288,"featured_media":0,"parent":0,"menu_order":0,"comment_status":"closed","ping_status":"closed","template":"","meta":[],"acf":[],"_links":{"self":[{"href":"https:\/\/isfd40-bue.infd.edu.ar\/sitio\/wp-json\/wp\/v2\/pages\/2958"}],"collection":[{"href":"https:\/\/isfd40-bue.infd.edu.ar\/sitio\/wp-json\/wp\/v2\/pages"}],"about":[{"href":"https:\/\/isfd40-bue.infd.edu.ar\/sitio\/wp-json\/wp\/v2\/types\/page"}],"author":[{"embeddable":true,"href":"https:\/\/isfd40-bue.infd.edu.ar\/sitio\/wp-json\/wp\/v2\/users\/288"}],"replies":[{"embeddable":true,"href":"https:\/\/isfd40-bue.infd.edu.ar\/sitio\/wp-json\/wp\/v2\/comments?post=2958"}],"version-history":[{"count":5,"href":"https:\/\/isfd40-bue.infd.edu.ar\/sitio\/wp-json\/wp\/v2\/pages\/2958\/revisions"}],"predecessor-version":[{"id":2970,"href":"https:\/\/isfd40-bue.infd.edu.ar\/sitio\/wp-json\/wp\/v2\/pages\/2958\/revisions\/2970"}],"wp:attachment":[{"href":"https:\/\/isfd40-bue.infd.edu.ar\/sitio\/wp-json\/wp\/v2\/media?parent=2958"}],"curies":[{"name":"wp","href":"https:\/\/api.w.org\/{rel}","templated":true}]}}