{"id":3210,"date":"2024-02-14T20:09:41","date_gmt":"2024-02-14T23:09:41","guid":{"rendered":"https:\/\/isfd40-bue.infd.edu.ar\/sitio\/?page_id=3210"},"modified":"2024-08-12T07:08:09","modified_gmt":"2024-08-12T10:08:09","slug":"recursos","status":"publish","type":"page","link":"https:\/\/isfd40-bue.infd.edu.ar\/sitio\/recursos\/","title":{"rendered":"Recursos"},"content":{"rendered":"<div class=\"wp-block-image\">\n<figure class=\"alignleft size-full is-resized\"><a href=\"https:\/\/www.educ.ar\/recursos\/fullscreen\/show\/49326\" target=\"_blank\" rel=\"noreferrer noopener\"><img decoding=\"async\" loading=\"lazy\" src=\"https:\/\/isfd40-bue.infd.edu.ar\/sitio\/wp-content\/uploads\/2024\/02\/Tiempo.png\" alt=\"\" class=\"wp-image-3236\" width=\"221\" height=\"129\" srcset=\"https:\/\/isfd40-bue.infd.edu.ar\/sitio\/wp-content\/uploads\/2024\/02\/Tiempo.png 1048w, https:\/\/isfd40-bue.infd.edu.ar\/sitio\/wp-content\/uploads\/2024\/02\/Tiempo-1000x586.png 1000w, https:\/\/isfd40-bue.infd.edu.ar\/sitio\/wp-content\/uploads\/2024\/02\/Tiempo-768x450.png 768w\" sizes=\"(max-width: 221px) 100vw, 221px\" \/><\/a><figcaption class=\"wp-element-caption\"><strong>    C\u00f3mo gestionar tu tiempo<\/strong><\/figcaption><\/figure><\/div>\n\n<div class=\"wp-block-image\">\n<figure class=\"alignleft size-full is-resized\"><a href=\"https:\/\/www.educ.ar\/recursos\/fullscreen\/show\/49339\" target=\"_blank\" rel=\"noreferrer noopener\"><img decoding=\"async\" loading=\"lazy\" src=\"https:\/\/isfd40-bue.infd.edu.ar\/sitio\/wp-content\/uploads\/2024\/02\/Subrayar-1.png\" alt=\"\" class=\"wp-image-3235\" width=\"229\" height=\"132\" srcset=\"https:\/\/isfd40-bue.infd.edu.ar\/sitio\/wp-content\/uploads\/2024\/02\/Subrayar-1.png 1068w, https:\/\/isfd40-bue.infd.edu.ar\/sitio\/wp-content\/uploads\/2024\/02\/Subrayar-1-1000x579.png 1000w, https:\/\/isfd40-bue.infd.edu.ar\/sitio\/wp-content\/uploads\/2024\/02\/Subrayar-1-768x444.png 768w\" sizes=\"(max-width: 229px) 100vw, 229px\" \/><\/a><figcaption class=\"wp-element-caption\">       <strong>C\u00f3mo subrayar un texto<\/strong><\/figcaption><\/figure><\/div>\n\n<div class=\"wp-block-image\">\n<figure class=\"alignleft size-full is-resized\"><a href=\"https:\/\/www.educ.ar\/recursos\/fullscreen\/show\/49673\" target=\"_blank\" rel=\"noreferrer noopener\"><img decoding=\"async\" loading=\"lazy\" src=\"https:\/\/isfd40-bue.infd.edu.ar\/sitio\/wp-content\/uploads\/2024\/02\/Esquemas.png\" alt=\"\" class=\"wp-image-3233\" width=\"262\" height=\"132\" srcset=\"https:\/\/isfd40-bue.infd.edu.ar\/sitio\/wp-content\/uploads\/2024\/02\/Esquemas.png 1284w, https:\/\/isfd40-bue.infd.edu.ar\/sitio\/wp-content\/uploads\/2024\/02\/Esquemas-1000x506.png 1000w, https:\/\/isfd40-bue.infd.edu.ar\/sitio\/wp-content\/uploads\/2024\/02\/Esquemas-768x389.png 768w\" sizes=\"(max-width: 262px) 100vw, 262px\" \/><\/a><figcaption class=\"wp-element-caption\">         <strong>C\u00f3mo hacer esquemas<\/strong><\/figcaption><\/figure><\/div>\n\n<div class=\"wp-block-image\">\n<figure class=\"alignleft size-full is-resized\"><a href=\"https:\/\/www.educ.ar\/recursos\/fullscreen\/show\/49785\" target=\"_blank\" rel=\"noreferrer noopener\"><img decoding=\"async\" loading=\"lazy\" src=\"https:\/\/isfd40-bue.infd.edu.ar\/sitio\/wp-content\/uploads\/2024\/02\/Mapas.png\" alt=\"\" class=\"wp-image-3231\" width=\"247\" height=\"131\" srcset=\"https:\/\/isfd40-bue.infd.edu.ar\/sitio\/wp-content\/uploads\/2024\/02\/Mapas.png 1388w, https:\/\/isfd40-bue.infd.edu.ar\/sitio\/wp-content\/uploads\/2024\/02\/Mapas-1000x529.png 1000w, https:\/\/isfd40-bue.infd.edu.ar\/sitio\/wp-content\/uploads\/2024\/02\/Mapas-768x406.png 768w\" sizes=\"(max-width: 247px) 100vw, 247px\" \/><\/a><figcaption class=\"wp-element-caption\">          <strong>C\u00f3mo hacer un mapa <br>                  conceptua<\/strong>l<\/figcaption><\/figure><\/div>\n\n<div class=\"wp-block-image\">\n<figure class=\"alignleft size-large is-resized\"><a href=\"https:\/\/drive.google.com\/file\/d\/17ox8dV0aDtRhYx1w56aQBt2ihq8Kv74C\/view?usp=drive_link\" target=\"_blank\" rel=\"noreferrer noopener\"><img decoding=\"async\" loading=\"lazy\" src=\"https:\/\/isfd40-bue.infd.edu.ar\/sitio\/wp-content\/uploads\/2024\/02\/Hablar-en-publico-1900x1069.png\" alt=\"\" class=\"wp-image-3212\" width=\"234\" height=\"130\"\/><\/a><figcaption class=\"wp-element-caption\">     <strong>T\u00e9cnicas b\u00e1sicas para <br>           hablar en p\u00fablico<\/strong><\/figcaption><\/figure><\/div>\n\n\n<figure class=\"wp-block-image size-full is-resized\"><a href=\"https:\/\/continuemosestudiando.abc.gob.ar\/coleccionesi\/\"><img decoding=\"async\" loading=\"lazy\" src=\"https:\/\/isfd40-bue.infd.edu.ar\/sitio\/wp-content\/uploads\/2024\/08\/ESI-2.png\" alt=\"\" class=\"wp-image-3400\" width=\"208\" height=\"143\"\/><\/a><figcaption class=\"wp-element-caption\"><strong>Material de ESI<\/strong><\/figcaption><\/figure>\n","protected":false},"excerpt":{"rendered":"","protected":false},"author":288,"featured_media":0,"parent":0,"menu_order":0,"comment_status":"closed","ping_status":"closed","template":"","meta":[],"acf":[],"_links":{"self":[{"href":"https:\/\/isfd40-bue.infd.edu.ar\/sitio\/wp-json\/wp\/v2\/pages\/3210"}],"collection":[{"href":"https:\/\/isfd40-bue.infd.edu.ar\/sitio\/wp-json\/wp\/v2\/pages"}],"about":[{"href":"https:\/\/isfd40-bue.infd.edu.ar\/sitio\/wp-json\/wp\/v2\/types\/page"}],"author":[{"embeddable":true,"href":"https:\/\/isfd40-bue.infd.edu.ar\/sitio\/wp-json\/wp\/v2\/users\/288"}],"replies":[{"embeddable":true,"href":"https:\/\/isfd40-bue.infd.edu.ar\/sitio\/wp-json\/wp\/v2\/comments?post=3210"}],"version-history":[{"count":24,"href":"https:\/\/isfd40-bue.infd.edu.ar\/sitio\/wp-json\/wp\/v2\/pages\/3210\/revisions"}],"predecessor-version":[{"id":3412,"href":"https:\/\/isfd40-bue.infd.edu.ar\/sitio\/wp-json\/wp\/v2\/pages\/3210\/revisions\/3412"}],"wp:attachment":[{"href":"https:\/\/isfd40-bue.infd.edu.ar\/sitio\/wp-json\/wp\/v2\/media?parent=3210"}],"curies":[{"name":"wp","href":"https:\/\/api.w.org\/{rel}","templated":true}]}}