{"id":3566,"date":"2025-03-11T19:02:41","date_gmt":"2025-03-11T22:02:41","guid":{"rendered":"https:\/\/isfd40-bue.infd.edu.ar\/sitio\/?page_id=3566"},"modified":"2026-03-06T21:07:56","modified_gmt":"2026-03-07T00:07:56","slug":"materias-por-promocion-2025","status":"publish","type":"page","link":"https:\/\/isfd40-bue.infd.edu.ar\/sitio\/materias-por-promocion-2025\/","title":{"rendered":"MATERIAS POR PROMOCI\u00d3N 2026"},"content":{"rendered":"\n<div class=\"wp-block-group is-nowrap is-layout-flex wp-container-1\"><\/div>\n\n\n\n<p><img decoding=\"async\" loading=\"lazy\" width=\"211\" height=\"192\" class=\"wp-image-721\" style=\"width: 35px;\" src=\"https:\/\/isfd40-bue.infd.edu.ar\/sitio\/wp-content\/uploads\/2018\/06\/tildes.jpg\" alt=\"aaaa\"><a href=\"https:\/\/drive.google.com\/file\/d\/1AsHrxreSRLJ2p4OmrFl_tqj3nx0zMp18\/view?usp=sharing\">PROFESORADO DE EDUCACI\u00d3N PRIMARIA<\/a><\/p>\n\n\n\n<p><img decoding=\"async\" loading=\"lazy\" width=\"211\" height=\"192\" class=\"wp-image-721\" style=\"width: 35px;\" src=\"https:\/\/isfd40-bue.infd.edu.ar\/sitio\/wp-content\/uploads\/2018\/06\/tildes.jpg\" alt=\"aaaa\"><a href=\"https:\/\/drive.google.com\/file\/d\/1SX1mUF7Yr1NW06p4lWjzRA51xFyMIPhQ\/view?usp=sharing\">PROFESORADO DE EDUCACI\u00d3N ESPECIAL<\/a><\/p>\n\n\n\n<p><img decoding=\"async\" loading=\"lazy\" width=\"211\" height=\"192\" class=\"wp-image-721\" style=\"width: 35px;\" src=\"https:\/\/isfd40-bue.infd.edu.ar\/sitio\/wp-content\/uploads\/2018\/06\/tildes.jpg\" alt=\"aaaa\"><a href=\"https:\/\/drive.google.com\/file\/d\/1JDV7H7Y_LPA2VNaZbMNvG9MCSnDut38w\/view?usp=sharing\">PROFESORADO DE EDUCACI\u00d3N SECUNDARIA EN BIOLOG\u00cdA<\/a><\/p>\n\n\n\n<p><img decoding=\"async\" loading=\"lazy\" width=\"211\" height=\"192\" class=\"wp-image-721\" style=\"width: 35px;\" src=\"https:\/\/isfd40-bue.infd.edu.ar\/sitio\/wp-content\/uploads\/2018\/06\/tildes.jpg\" alt=\"aaaa\"><a href=\"https:\/\/drive.google.com\/file\/d\/1MklEsxCYD4nFyD4y6AMLDRy1WmDuH7CQ\/view?usp=sharing\">PROFESORADO DE EDUCACI\u00d3N SECUNDARIA EN HISTORIA<\/a><\/p>\n\n\n\n<p><img decoding=\"async\" loading=\"lazy\" width=\"211\" height=\"192\" class=\"wp-image-721\" style=\"width: 35px;\" src=\"https:\/\/isfd40-bue.infd.edu.ar\/sitio\/wp-content\/uploads\/2018\/06\/tildes.jpg\" alt=\"aaaa\"><a href=\"https:\/\/drive.google.com\/file\/d\/1Y-dk8KwNXtq_JeJS2n4eG2hkHYdtU_c3\/view?usp=sharing\">PROFESODADO DE EDUCACI\u00d3N SECUNDARIA EN LENGUA Y LITERATURA<\/a><\/p>\n\n\n\n<p><img decoding=\"async\" loading=\"lazy\" width=\"211\" height=\"192\" class=\"wp-image-721\" style=\"width: 35px;\" src=\"https:\/\/isfd40-bue.infd.edu.ar\/sitio\/wp-content\/uploads\/2018\/06\/tildes.jpg\" alt=\"aaaa\"><a href=\"https:\/\/drive.google.com\/file\/d\/153cM5RaYRt66-C8Z6TB7Pdy3KQy96ojt\/view?usp=sharing\">PROFESORADO DE EDUCACI\u00d3N SECUNDARIA EN MATEM\u00c1TICA<\/a><\/p>\n\n\n\n<p><img decoding=\"async\" loading=\"lazy\" width=\"211\" height=\"192\" class=\"wp-image-721\" style=\"width: 35px;\" src=\"https:\/\/isfd40-bue.infd.edu.ar\/sitio\/wp-content\/uploads\/2018\/06\/tildes.jpg\" alt=\"aaaa\"><a href=\"https:\/\/drive.google.com\/file\/d\/1QaztVdepPPrDM4XG1DIWbCCx-8UqEM61\/view?usp=sharing\">TECNICATURA SUPERIOR EN ACOMPA\u00d1ANTE <\/a><a href=\"https:\/\/drive.google.com\/file\/d\/1Zjp7cpMPuaRRtVTD8v8dKrLAvCm2vqX7\/view?usp=sharing\">TERAP\u00c9UTICO<\/a><\/p>\n\n\n\n<p><img decoding=\"async\" loading=\"lazy\" width=\"211\" height=\"192\" class=\"wp-image-721\" style=\"width: 35px;\" src=\"https:\/\/isfd40-bue.infd.edu.ar\/sitio\/wp-content\/uploads\/2018\/06\/tildes.jpg\" alt=\"aaaa\"><a href=\"https:\/\/drive.google.com\/file\/d\/1qqkHFaKudARh0PAAUuOroQ8_P0XR81YL\/view?usp=sharing\">TECNICATURA SUPERIOR EN ENFERMER\u00cdA<\/a><\/p>\n\n\n\n<p><img decoding=\"async\" loading=\"lazy\" width=\"211\" height=\"192\" class=\"wp-image-721\" style=\"width: 35px;\" src=\"https:\/\/isfd40-bue.infd.edu.ar\/sitio\/wp-content\/uploads\/2018\/06\/tildes.jpg\" alt=\"aaaa\"><a href=\"https:\/\/drive.google.com\/file\/d\/1T_hxylYL5ToHDXd1Y6TBSvak0b21qf1E\/view?usp=sharing\">TECNICATURA SUPERIOR EN PSICOPEDAGOG\u00cdA<\/a><\/p>\n","protected":false},"excerpt":{"rendered":"<p>PROFESORADO DE EDUCACI\u00d3N PRIMARIA PROFESORADO DE EDUCACI\u00d3N ESPECIAL PROFESORADO DE EDUCACI\u00d3N SECUNDARIA EN BIOLOG\u00cdA PROFESORADO DE EDUCACI\u00d3N SECUNDARIA EN HISTORIA PROFESODADO DE EDUCACI\u00d3N SECUNDARIA EN LENGUA Y LITERATURA PROFESORADO DE EDUCACI\u00d3N SECUNDARIA EN MATEM\u00c1TICA TECNICATURA SUPERIOR EN ACOMPA\u00d1ANTE TERAP\u00c9UTICO TECNICATURA SUPERIOR EN ENFERMER\u00cdA TECNICATURA SUPERIOR EN PSICOPEDAGOG\u00cdA<\/p>\n","protected":false},"author":288,"featured_media":0,"parent":0,"menu_order":0,"comment_status":"closed","ping_status":"closed","template":"","meta":[],"acf":[],"_links":{"self":[{"href":"https:\/\/isfd40-bue.infd.edu.ar\/sitio\/wp-json\/wp\/v2\/pages\/3566"}],"collection":[{"href":"https:\/\/isfd40-bue.infd.edu.ar\/sitio\/wp-json\/wp\/v2\/pages"}],"about":[{"href":"https:\/\/isfd40-bue.infd.edu.ar\/sitio\/wp-json\/wp\/v2\/types\/page"}],"author":[{"embeddable":true,"href":"https:\/\/isfd40-bue.infd.edu.ar\/sitio\/wp-json\/wp\/v2\/users\/288"}],"replies":[{"embeddable":true,"href":"https:\/\/isfd40-bue.infd.edu.ar\/sitio\/wp-json\/wp\/v2\/comments?post=3566"}],"version-history":[{"count":12,"href":"https:\/\/isfd40-bue.infd.edu.ar\/sitio\/wp-json\/wp\/v2\/pages\/3566\/revisions"}],"predecessor-version":[{"id":3857,"href":"https:\/\/isfd40-bue.infd.edu.ar\/sitio\/wp-json\/wp\/v2\/pages\/3566\/revisions\/3857"}],"wp:attachment":[{"href":"https:\/\/isfd40-bue.infd.edu.ar\/sitio\/wp-json\/wp\/v2\/media?parent=3566"}],"curies":[{"name":"wp","href":"https:\/\/api.w.org\/{rel}","templated":true}]}}