{"id":751,"date":"2018-06-28T01:17:42","date_gmt":"2018-06-28T04:17:42","guid":{"rendered":"https:\/\/isfd40-bue.infd.edu.ar\/sitio\/concursos-de-materias\/"},"modified":"2026-04-23T18:33:53","modified_gmt":"2026-04-23T21:33:53","slug":"concursos-de-materias","status":"publish","type":"page","link":"https:\/\/isfd40-bue.infd.edu.ar\/sitio\/concursos-de-materias\/","title":{"rendered":"Pruebas de selecci\u00f3n para cobertura de: UC-BIBLIOTECARI@S-PRECEPTOR@S-LENGUAJE DE SE\u00d1AS-EMATP"},"content":{"rendered":"<p><span style=\"font-family: 'comic sans ms', sans-serif; color: #339966; font-size: 12pt;\"><strong>En esta secci\u00f3n encontrar\u00e1n toda la documentaci\u00f3n a presentar en las pruebas de selecci\u00f3n <span style=\"color: #ff0000;\">cuando existan vacantes<\/span> .<\/strong><\/span><\/p>\n<p><span style=\"font-family: 'comic sans ms', sans-serif; color: #808080; font-size: 12pt;\"><strong>Reglamentaci\u00f3n a tener en cuenta:<\/strong><\/span><\/p>\n<p><span style=\"font-family: 'comic sans ms', sans-serif; color: #339966; font-size: 12pt;\"><span style=\"color: #808080;\"><strong>El <\/strong><\/span><strong>N\u00ba de resoluci\u00f3n<\/strong><span style=\"color: #808080;\"><strong> de los espacios curriculares se encuentra en el dise\u00f1o de cada carrera.<\/strong><\/span><\/span><\/p>\n<p><span style=\"font-family: 'comic sans ms', sans-serif; color: #339966; font-size: 12pt;\"><strong><span style=\"color: #808080;\">Resoluci\u00f3n 6179\/25<\/span>\u00a0<a title=\"Resoluci\u00f3n 5886\/03\" href=\"https:\/\/drive.google.com\/file\/d\/19Ui1Ubp4jI9hq3dT-I7RfI1fTpYopmZD\/view?usp=sharing\" target=\"_blank\" rel=\"noopener\"><img decoding=\"async\" loading=\"lazy\" class=\"alignnone\" title=\"Descarga\" src=\"https:\/\/isfd40-bue.infd.edu.ar\/sitio\/wp-content\/uploads\/2018\/06\/descarga_logo.png\" alt=\"Descarga\" width=\"19\" height=\"19\" border=\"0\" \/><\/a><\/strong><\/span><\/p>\n<ul>\n<li><span style=\"font-family: 'comic sans ms', sans-serif; color: #339966; font-size: 12pt;\"><strong>Pautas para la cobertura de espacios curriculares en el nivel superior<\/strong><\/span><\/li>\n<\/ul>\n<p><span style=\"font-family: 'comic sans ms', sans-serif; font-size: 12pt;\"><strong style=\"color: #339966;\"><a href=\"http:\/\/deartecnico.blogspot.com\/2011\/02\/resolucion-404309-regimen-academico-de.html\"><span style=\"color: #808080;\">Resoluci\u00f3n 4196\/24 &#8211; R\u00e9gimen acad\u00e9mico de Educaci\u00f3n Superior<\/span><\/a><\/strong><\/span><span style=\"font-family: 'comic sans ms', sans-serif; color: #339966; font-size: 12pt;\"><strong style=\"color: #339966;\">\u00a0<strong><a title=\"Resolucion_4043_09\" href=\"https:\/\/drive.google.com\/file\/d\/1uXRfRdyA1KL_qeEozHq0MSzxvIdJkQAp\/view?usp=sharing\" target=\"_blank\" rel=\"noopener\"><img decoding=\"async\" loading=\"lazy\" class=\"alignnone\" title=\"Descarga\" src=\"https:\/\/isfd40-bue.infd.edu.ar\/sitio\/wp-content\/uploads\/2018\/06\/descarga_logo.png\" alt=\"Descarga\" width=\"19\" height=\"19\" border=\"0\" \/><\/a><\/strong><\/strong><\/span><\/p>\n<ul>\n<li><span style=\"font-family: 'comic sans ms', sans-serif; color: #339966; font-size: 12pt;\"><strong>Ingreso &#8211; Trayectoria formativa \u2013Permanencia y promoci\u00f3n en el nivel terciario <\/strong><\/span><\/li>\n<li><span style=\"font-family: 'comic sans ms', sans-serif; color: #339966; font-size: 12pt;\"><strong>Condiciones para la evaluaci\u00f3n y acreditaci\u00f3n de espacios<\/strong><\/span><\/li>\n<li><span style=\"font-family: 'comic sans ms', sans-serif; color: #339966; font-size: 12pt;\"><strong>Tipo de cursada: presencial, Semipresencial<\/strong><\/span><\/li>\n<li><span style=\"font-family: 'comic sans ms', sans-serif; color: #339966; font-size: 12pt;\"><strong>Requisitos para la asistencia<\/strong><\/span><\/li>\n<li><span style=\"font-family: 'comic sans ms', sans-serif; color: #339966; font-size: 12pt;\"><strong>% de materias libres y promocionales.<\/strong><\/span><\/li>\n<\/ul>\n<p><span style=\"font-family: 'comic sans ms', sans-serif; color: #339966; font-size: 12pt;\"><span style=\"color: #808080;\"><strong>***En<\/strong><strong> la redacci\u00f3n del Proyecto pedag\u00f3gico, respetar las<\/strong> <strong>pautas\u00a0que se adjuntan aqu\u00ed<\/strong><\/span><strong><span style=\"color: #808080;\">***<\/span><\/strong><\/span><\/p>\n<p><span style=\"font-family: 'comic sans ms', sans-serif; color: #339966; font-size: 12pt;\"><strong><span style=\"color: #000000;\">*** Instancias para la cobertura de m\u00f3dulos\/horas c\u00e1tedras de UC<\/span>\u00a0<a href=\"https:\/\/drive.google.com\/file\/d\/1lKnvh0GKSVh7r1BjXVuTP_ZRhKiEbWeJ\/view?usp=sharing\"><img decoding=\"async\" loading=\"lazy\" class=\"alignnone\" title=\"Descarga\" src=\"https:\/\/isfd40-bue.infd.edu.ar\/sitio\/wp-content\/uploads\/2018\/06\/descarga_logo.png\" alt=\"Descarga\" width=\"19\" height=\"19\" border=\"0\" \/><\/a><\/strong><\/span><\/p>\n<p><strong>***Instancias para la<\/strong>\u00a0<strong>cobertura de bibliotecaria<\/strong> o <strong>bibliotecario<\/strong> <span style=\"font-family: 'comic sans ms', sans-serif; color: #339966; font-size: 12pt;\"><strong><a href=\"https:\/\/drive.google.com\/file\/d\/1lbzkDs6PVdaaWJtam2c8YuC8xCKqE7t7\/view?usp=sharing\"><img decoding=\"async\" loading=\"lazy\" class=\"alignnone\" title=\"Descarga\" src=\"https:\/\/isfd40-bue.infd.edu.ar\/sitio\/wp-content\/uploads\/2018\/06\/descarga_logo.png\" alt=\"Descarga\" width=\"19\" height=\"19\" border=\"0\" \/><\/a><\/strong><\/span><\/p>\n<p>***<strong>Instancias para la cobertura de encargadas y encargados de medios de apoyo t\u00e9cnico pedag\u00f3gico (EMATP) <span style=\"font-family: 'comic sans ms', sans-serif; color: #339966; font-size: 12pt;\"><a href=\"https:\/\/drive.google.com\/file\/d\/1pXNltZofd9tY9it7IntMo1zrWIxrWlvG\/view?usp=sharing\"><img decoding=\"async\" loading=\"lazy\" class=\"alignnone\" title=\"Descarga\" src=\"https:\/\/isfd40-bue.infd.edu.ar\/sitio\/wp-content\/uploads\/2018\/06\/descarga_logo.png\" alt=\"Descarga\" width=\"19\" height=\"19\" border=\"0\" \/><\/a><\/span><\/strong><\/p>\n<p><strong>***Instancias para la cobertura de<\/strong>\u00a0<strong>fonoaudi\u00f3logas<\/strong> y\u00a0<strong>fonoaudi\u00f3logos para los IS<\/strong>\u00a0<strong><span style=\"font-family: 'comic sans ms', sans-serif; color: #339966; font-size: 12pt;\"><a href=\"https:\/\/drive.google.com\/file\/d\/1AaCzArSYzsfR1jxXdodnsIX_EwmWvyGp\/view?usp=sharing\"><img decoding=\"async\" loading=\"lazy\" class=\"alignnone\" title=\"Descarga\" src=\"https:\/\/isfd40-bue.infd.edu.ar\/sitio\/wp-content\/uploads\/2018\/06\/descarga_logo.png\" alt=\"Descarga\" width=\"19\" height=\"19\" border=\"0\" \/><\/a><\/span><\/strong><\/p>\n<p>***<strong>Instancias para la cobertura de Interprete pedag\u00f3gico de Lengua de Se\u00f1as Argentina-espa\u00f1ol en IS\u00a0<span style=\"font-family: 'comic sans ms', sans-serif; color: #339966; font-size: 12pt;\"><a href=\"https:\/\/drive.google.com\/file\/d\/1wGn-6kfk7xIk93WxmFlAFdH-uK9OQ-p4\/view?usp=sharing\"><img decoding=\"async\" loading=\"lazy\" class=\"alignnone\" title=\"Descarga\" src=\"https:\/\/isfd40-bue.infd.edu.ar\/sitio\/wp-content\/uploads\/2018\/06\/descarga_logo.png\" alt=\"Descarga\" width=\"19\" height=\"19\" border=\"0\" \/><\/a><\/span><\/strong><\/p>\n<p>***<strong>Instancias para la cobertura de preceptoras y preceptores para los IS <span style=\"font-family: 'comic sans ms', sans-serif; color: #339966; font-size: 12pt;\"><a href=\"https:\/\/drive.google.com\/file\/d\/1_uxy2a934y2F7sbcyALjgJuEwCih_Ejo\/view?usp=sharing\"><img decoding=\"async\" loading=\"lazy\" class=\"alignnone\" title=\"Descarga\" src=\"https:\/\/isfd40-bue.infd.edu.ar\/sitio\/wp-content\/uploads\/2018\/06\/descarga_logo.png\" alt=\"Descarga\" width=\"19\" height=\"19\" border=\"0\" \/><\/a><\/span><\/strong><\/p>\n<p><span style=\"font-family: 'comic sans ms', sans-serif; color: #339966; font-size: 12pt;\"><strong>\u00a0Documentaci\u00f3n seg\u00fan se indica en la convocatoria a: <span style=\"color: #0000ff;\">isfdyt40trenquelauquen@abc.gob.ar<\/span>\u00a0<\/strong><\/span><\/p>\n<p>***<strong>FORMULARIO 1:Planilla de Inscripci\u00f3n y Declaraci\u00f3n Jurada <span style=\"font-family: 'comic sans ms', sans-serif; color: #339966; font-size: 12pt;\"><a href=\"https:\/\/drive.google.com\/file\/d\/1Cn_QCuq9oLg_uhzc9xhVQYgzTY1thcyo\/view?usp=sharing\"><img decoding=\"async\" loading=\"lazy\" class=\"alignnone\" title=\"Descarga\" src=\"https:\/\/isfd40-bue.infd.edu.ar\/sitio\/wp-content\/uploads\/2018\/06\/descarga_logo.png\" alt=\"Descarga\" width=\"19\" height=\"19\" border=\"0\" \/><\/a><\/span><\/strong><\/p>\n<p>***<strong>FORMULARIO 2: Declaraci\u00f3n jurada de Antecedentes <span style=\"font-family: 'comic sans ms', sans-serif; color: #339966; font-size: 12pt;\"><a href=\"https:\/\/drive.google.com\/file\/d\/1saba2h8r-G84fplRW4eIN_OnIGkDK3ka\/view?usp=sharing\"><img decoding=\"async\" loading=\"lazy\" class=\"alignnone\" title=\"Descarga\" src=\"https:\/\/isfd40-bue.infd.edu.ar\/sitio\/wp-content\/uploads\/2018\/06\/descarga_logo.png\" alt=\"Descarga\" width=\"19\" height=\"19\" border=\"0\" \/><\/a><\/span><\/strong><\/p>\n<p><strong>Constituci\u00f3n domicilio real\u00a0 <span style=\"color: #ff0000;\">(adjuntar DNI de ambos dorsos en PDF)<\/span> y electr\u00f3nico oficial para las notificaciones (datos personales)<\/strong><\/p>\n<p><strong>Certificaci\u00f3n <\/strong>del Servicio de Valoraci\u00f3n Docente <span style=\"color: #0000ff;\">(<\/span><strong><span style=\"color: #0000ff;\">OBLEA)<\/span> correspondiente al Listado 108 A Superior y Sup Art\u00edstica vigente.\u00a0 <\/strong><strong>En este caso se exime de presentar la documentaci\u00f3n respaldatoria para la valoraci\u00f3n del Art 60.\u00a0<\/strong><\/p>\n<p><strong>Probanzas de t\u00edtulos y antecedentes espec\u00edficos <span style=\"color: #ff0000;\">para aquellos que NO est\u00e9n inscriptos en listado 108<\/span>\u00a0 (adjuntar en PDF su\/s t\u00edtulo\/s &#8211; ver Anexo 2 de la Resol 6179\/25 &#8211; Documentaci\u00f3n respaldatoria para la valoraci\u00f3n del Art 60.)<\/strong><\/p>\n<p><span style=\"color: #ff00ff;\"><strong>RESUMEN DE LAS DIFERENTES INSTANCIAS PARA LAS PRUEBAS DE SELECCI\u00d3N: <span style=\"font-family: 'comic sans ms', sans-serif; color: #339966; font-size: 12pt;\"><a href=\"https:\/\/drive.google.com\/file\/d\/1EPtFjgQPA3wxUIIV0-_70IKhwFXjNBo7\/view?usp=sharing\"><img decoding=\"async\" loading=\"lazy\" class=\"alignnone\" title=\"https:\/\/drive.google.com\/file\/d\/1EPtFjgQPA3wxUIIV0-_70IKhwFXjNBo7\/view?usp=sharing\" src=\"https:\/\/isfd40-bue.infd.edu.ar\/sitio\/wp-content\/uploads\/2018\/06\/descarga_logo.png\" alt=\"\" width=\"19\" height=\"19\" border=\"0\" \/><\/a><\/span><\/strong><\/span><\/p>\n","protected":false},"excerpt":{"rendered":"<p>En esta secci\u00f3n encontrar\u00e1n toda la documentaci\u00f3n a presentar en las pruebas de selecci\u00f3n cuando existan vacantes . Reglamentaci\u00f3n a tener en cuenta: El N\u00ba de resoluci\u00f3n de los espacios curriculares se encuentra en el dise\u00f1o de cada carrera. Resoluci\u00f3n 6179\/25\u00a0 Pautas para la cobertura de espacios curriculares en el nivel superior Resoluci\u00f3n 4196\/24 &#8211; &#8230; <a title=\"Pruebas de selecci\u00f3n para cobertura de: UC-BIBLIOTECARI@S-PRECEPTOR@S-LENGUAJE DE SE\u00d1AS-EMATP\" class=\"read-more\" href=\"https:\/\/isfd40-bue.infd.edu.ar\/sitio\/concursos-de-materias\/\" aria-label=\"More on Pruebas de selecci\u00f3n para cobertura de: UC-BIBLIOTECARI@S-PRECEPTOR@S-LENGUAJE DE SE\u00d1AS-EMATP\">[+]<\/a><\/p>\n","protected":false},"author":61,"featured_media":0,"parent":0,"menu_order":0,"comment_status":"closed","ping_status":"closed","template":"","meta":[],"acf":[],"_links":{"self":[{"href":"https:\/\/isfd40-bue.infd.edu.ar\/sitio\/wp-json\/wp\/v2\/pages\/751"}],"collection":[{"href":"https:\/\/isfd40-bue.infd.edu.ar\/sitio\/wp-json\/wp\/v2\/pages"}],"about":[{"href":"https:\/\/isfd40-bue.infd.edu.ar\/sitio\/wp-json\/wp\/v2\/types\/page"}],"author":[{"embeddable":true,"href":"https:\/\/isfd40-bue.infd.edu.ar\/sitio\/wp-json\/wp\/v2\/users\/61"}],"replies":[{"embeddable":true,"href":"https:\/\/isfd40-bue.infd.edu.ar\/sitio\/wp-json\/wp\/v2\/comments?post=751"}],"version-history":[{"count":64,"href":"https:\/\/isfd40-bue.infd.edu.ar\/sitio\/wp-json\/wp\/v2\/pages\/751\/revisions"}],"predecessor-version":[{"id":3866,"href":"https:\/\/isfd40-bue.infd.edu.ar\/sitio\/wp-json\/wp\/v2\/pages\/751\/revisions\/3866"}],"wp:attachment":[{"href":"https:\/\/isfd40-bue.infd.edu.ar\/sitio\/wp-json\/wp\/v2\/media?parent=751"}],"curies":[{"name":"wp","href":"https:\/\/api.w.org\/{rel}","templated":true}]}}