{"id":753,"date":"2018-06-28T01:17:43","date_gmt":"2018-06-28T04:17:43","guid":{"rendered":"https:\/\/isfd40-bue.infd.edu.ar\/sitio\/informacion-para-el-docente\/"},"modified":"2024-05-21T08:43:43","modified_gmt":"2024-05-21T11:43:43","slug":"informacion-para-el-docente","status":"publish","type":"page","link":"https:\/\/isfd40-bue.infd.edu.ar\/sitio\/informacion-para-el-docente\/","title":{"rendered":"Informaci\u00f3n para Docentes"},"content":{"rendered":"<h1 style=\"text-align: left;\"><strong><span style=\"font-family: 'comic sans ms', sans-serif; font-size: 14pt; color: #339966;\"><span style=\"color: #ff6600;\">Declaraciones Juradas: <\/span><span style=\"color: #ff6600;\"><span style=\"color: #339966;\">Se entregan en papel en Secretar\u00eda hasta el &#8230;..<\/span><\/span><\/span><\/strong><\/h1>\n<h1 style=\"text-align: left;\"><strong><span style=\"font-family: 'comic sans ms', sans-serif; font-size: 14pt; color: #339966;\"><span style=\"color: #ff6600;\">Entrega de Programas: <\/span><\/span><\/strong><strong><span style=\"font-family: 'comic sans ms', sans-serif; font-size: 14pt; color: #339966;\"><span style=\"color: #ff6600;\"><span style=\"color: #339966;\">Se <\/span><\/span><\/span><\/strong><strong><span style=\"font-family: 'comic sans ms', sans-serif; font-size: 14pt; color: #339966;\">env\u00edan hasta el &#8230;. a <span style=\"color: #ff6600;\">instituto40biblioteca@gmail.com <span style=\"color: #339966;\">y deben subirse al aula virtual para socializarlo con los estudiantes en la primera clase.<\/span><\/span><\/span><\/strong><\/h1>\n<h1 style=\"text-align: left;\"><span style=\"font-family: 'comic sans ms', sans-serif; font-size: 14pt; color: #339966;\"><span style=\"color: #ff6600;\"><span style=\"color: #ff6600; font-family: comic sans ms, sans-serif;\"><span style=\"font-size: 14pt;\">Asistencia de <\/span><span style=\"font-size: 18.6667px;\">estudiantes<\/span><span style=\"font-size: 14pt;\">:<\/span><\/span><\/span><span style=\"color: #339966; font-family: comic sans ms, sans-serif;\"><span style=\"font-size: 14pt;\"> Las planillas se alojan en la Carpeta compartida <\/span><\/span><span style=\"color: #ff6600;\">\u00abISFDyT N\u00ba40 2024\u00bb<\/span><\/span><\/h1>\n<h1 style=\"text-align: left;\"><strong><span style=\"font-family: 'comic sans ms', sans-serif; font-size: 14pt; color: #339966;\"><span style=\"color: #ff6600;\">Carga de Notas Parciales:<\/span> Las planillas se alojan en la Carpeta compartida <span style=\"color: #ff6600;\">\u00abISFDyT N\u00ba40 2024\u00bb<\/span><\/span><\/strong><\/h1>\n<table style=\"border-color: #bab8b8; height: 272px;\" border=\"0\" width=\"1027\">\n<tbody>\n<tr>\n<td style=\"width: 320px; text-align: center;\"><strong><span style=\"color: #339966;\"><span style=\"font-family: 'comic sans ms', sans-serif; font-size: 14pt;\">Formularios<\/span><\/span><\/strong><\/td>\n<td style=\"width: 109px; text-align: center;\"><strong><span style=\"color: #339966;\"><span style=\"font-family: 'comic sans ms', sans-serif; font-size: 14pt;\">Descargas<\/span><\/span><\/strong><\/td>\n<\/tr>\n<tr>\n<td style=\"width: 320px;\"><strong><span style=\"font-family: 'comic sans ms', sans-serif; font-size: 12pt; color: #339966;\" data-sider-select-id=\"fa9fd4bf-04be-4025-9338-807c55401480\">Declaraci\u00f3n Jurada de Horarios.<\/span><\/strong><\/td>\n<td style=\"width: 109px;\"><strong><a title=\"Docentes\" href=\"upload\/Declaracion_Jurada_Horarios.xlsx\" target=\"_blank\" rel=\"noopener\"><img decoding=\"async\" loading=\"lazy\" class=\"aligncenter\" title=\"Descarga\" src=\"https:\/\/isfd40-bue.infd.edu.ar\/sitio\/wp-content\/uploads\/2018\/06\/descarga_logo.png\" alt=\"Descarga\" width=\"28\" height=\"28\" border=\"0\" data-sider-select-id=\"0e8d9c03-1b21-4b95-8573-1988c3bc8e90\" \/><\/a><\/strong><\/td>\n<\/tr>\n<tr>\n<td style=\"width: 320px;\"><strong><span style=\"font-family: 'comic sans ms', sans-serif; font-size: 12pt; color: #339966;\" data-sider-select-id=\"fa9fd4bf-04be-4025-9338-807c55401480\">SET 4. Calificaci\u00f3n Anual Docente.<\/span><\/strong><\/td>\n<td style=\"width: 109px;\"><strong><a title=\"Docentes\" href=\"upload\/SET_4.doc\" target=\"_blank\" rel=\"noopener\"><img decoding=\"async\" loading=\"lazy\" class=\"aligncenter\" title=\"Descarga\" src=\"https:\/\/isfd40-bue.infd.edu.ar\/sitio\/wp-content\/uploads\/2018\/06\/descarga_logo.png\" alt=\"Descarga\" width=\"28\" height=\"28\" border=\"0\" data-sider-select-id=\"fffc9518-1273-49d6-acc5-b0ba54f03c6a\" \/><\/a><\/strong><\/td>\n<\/tr>\n<tr>\n<td style=\"width: 320px;\"><span style=\"font-family: 'comic sans ms', sans-serif; font-size: 12pt; color: #339966;\"><strong data-sider-select-id=\"1166f808-de08-4a55-9cf5-f64aca26263c\">Licencia Docentes Titulares y Provisionales<\/strong> (<strong>114.o.4 &#8211; Licencia por motivos de \u00edndole particular<\/strong> &#8211; 1 d\u00eda por mes calendario y hasta 6 por a\u00f1o). Se puede enviar al email institucional o presentarlo impreso en secretar\u00eda.<\/span><\/td>\n<td style=\"width: 109px;\"><a title=\"Docentes\" href=\"https:\/\/isfd40-bue.infd.edu.ar\/sitio\/wp-content\/uploads\/2024\/02\/Personal-Docente-114-o-4.docx\" target=\"_blank\" rel=\"noopener\"><img decoding=\"async\" loading=\"lazy\" class=\"aligncenter\" title=\"Descarga\" src=\"https:\/\/isfd40-bue.infd.edu.ar\/sitio\/wp-content\/uploads\/2018\/06\/descarga_logo.png\" alt=\"Descarga\" width=\"28\" height=\"28\" border=\"0\" data-sider-select-id=\"881f12da-dd46-44e0-836a-52f4e6245177\" \/><\/a><\/td>\n<\/tr>\n<tr>\n<td style=\"width: 320px;\"><span style=\"font-family: 'comic sans ms', sans-serif; font-size: 12pt; color: #339966;\"><strong data-sider-select-id=\"1166f808-de08-4a55-9cf5-f64aca26263c\">Salidas Educativas (Notas de elevaci\u00f3n &#8211; Anexos)<\/strong><\/span><\/td>\n<td style=\"width: 109px;\"><a title=\"Docentes\" href=\"https:\/\/drive.google.com\/drive\/folders\/1Ifgwlz1CQNI6EUYf2ST8YxcyP0wg03BJ?usp=drive_link\" target=\"_blank\" rel=\"noopener\"><img decoding=\"async\" loading=\"lazy\" class=\"aligncenter\" title=\"Descarga\" src=\"https:\/\/isfd40-bue.infd.edu.ar\/sitio\/wp-content\/uploads\/2018\/06\/descarga_logo.png\" alt=\"Descarga\" width=\"28\" height=\"28\" border=\"0\" data-sider-select-id=\"881f12da-dd46-44e0-836a-52f4e6245177\" \/><\/a><\/td>\n<\/tr>\n<\/tbody>\n<\/table>\n\n\n<p><\/p>\n","protected":false},"excerpt":{"rendered":"<p>Declaraciones Juradas: Se entregan en papel en Secretar\u00eda hasta el &#8230;.. Entrega de Programas: Se env\u00edan hasta el &#8230;. a instituto40biblioteca@gmail.com y deben subirse al aula virtual para socializarlo con los estudiantes en la primera clase. Asistencia de estudiantes: Las planillas se alojan en la Carpeta compartida \u00abISFDyT N\u00ba40 2024\u00bb Carga de Notas Parciales: Las &#8230; <a title=\"Informaci\u00f3n para Docentes\" class=\"read-more\" href=\"https:\/\/isfd40-bue.infd.edu.ar\/sitio\/informacion-para-el-docente\/\" aria-label=\"More on Informaci\u00f3n para Docentes\">[+]<\/a><\/p>\n","protected":false},"author":61,"featured_media":0,"parent":0,"menu_order":0,"comment_status":"closed","ping_status":"closed","template":"","meta":[],"acf":[],"_links":{"self":[{"href":"https:\/\/isfd40-bue.infd.edu.ar\/sitio\/wp-json\/wp\/v2\/pages\/753"}],"collection":[{"href":"https:\/\/isfd40-bue.infd.edu.ar\/sitio\/wp-json\/wp\/v2\/pages"}],"about":[{"href":"https:\/\/isfd40-bue.infd.edu.ar\/sitio\/wp-json\/wp\/v2\/types\/page"}],"author":[{"embeddable":true,"href":"https:\/\/isfd40-bue.infd.edu.ar\/sitio\/wp-json\/wp\/v2\/users\/61"}],"replies":[{"embeddable":true,"href":"https:\/\/isfd40-bue.infd.edu.ar\/sitio\/wp-json\/wp\/v2\/comments?post=753"}],"version-history":[{"count":36,"href":"https:\/\/isfd40-bue.infd.edu.ar\/sitio\/wp-json\/wp\/v2\/pages\/753\/revisions"}],"predecessor-version":[{"id":3378,"href":"https:\/\/isfd40-bue.infd.edu.ar\/sitio\/wp-json\/wp\/v2\/pages\/753\/revisions\/3378"}],"wp:attachment":[{"href":"https:\/\/isfd40-bue.infd.edu.ar\/sitio\/wp-json\/wp\/v2\/media?parent=753"}],"curies":[{"name":"wp","href":"https:\/\/api.w.org\/{rel}","templated":true}]}}