{"id":768,"date":"2018-06-28T01:17:46","date_gmt":"2018-06-28T04:17:46","guid":{"rendered":"https:\/\/isfd40-bue.infd.edu.ar\/sitio\/psicopedagogia\/"},"modified":"2025-09-02T19:48:17","modified_gmt":"2025-09-02T22:48:17","slug":"psicopedagogia","status":"publish","type":"page","link":"https:\/\/isfd40-bue.infd.edu.ar\/sitio\/psicopedagogia\/","title":{"rendered":"Tec. Superior en Psicopedagog\u00eda"},"content":{"rendered":"<p style=\"text-align: justify;\"><span style=\"font-family: tahoma, arial, helvetica, sans-serif; font-size: 12pt;\"><strong>Dise\u00f1o curricular<\/strong>\u00a0 <a href=\"https:\/\/drive.google.com\/file\/d\/1T3suN6qmDLmAFb9vkrKtdiONaqthCJtd\/view?usp=share_link\" target=\"_blank\" rel=\"noopener\"><img decoding=\"async\" loading=\"lazy\" class=\"alignnone wp-image-2746\" title=\"Dise\u00f1o Psicopedagog\u00eda\" src=\"https:\/\/isfd40-bue.infd.edu.ar\/sitio\/wp-content\/uploads\/2023\/02\/pdf-2-edited-1.png\" alt=\"\" width=\"50\" height=\"38\" \/><\/a> \u00a0 \u00a0 <strong>Correlatividades<\/strong> <a href=\"https:\/\/drive.google.com\/file\/d\/1M8Uu619cEacvB2yB9G4hpUGkHTPIuvew\/view?usp=sharing\" target=\"_blank\" rel=\"noopener\"><img decoding=\"async\" loading=\"lazy\" class=\"alignnone wp-image-2746\" title=\"Correlatividades Psicopedagog\u00eda\" src=\"https:\/\/isfd40-bue.infd.edu.ar\/sitio\/wp-content\/uploads\/2023\/02\/pdf-2-edited-1.png\" alt=\"\" width=\"50\" height=\"38\" \/><\/a><\/span><\/p>\n<p style=\"text-align: justify;\"><span style=\"font-family: tahoma, arial, helvetica, sans-serif; font-size: 12pt;\">El reconocimiento de la Psicopedagog\u00eda como un \u00e1rea de conocimiento cient\u00edfico y de actividad profesional con entidad propia constituye la primera raz\u00f3n que justifica la implementaci\u00f3n de una carrera de Nivel Superior que aborde espec\u00edficamente la tem\u00e1tica. La Psicopedagog\u00eda naci\u00f3 como una interdisciplina en la confluencia de espacios conceptuales de la psicolog\u00eda y la pedagog\u00eda constituyendo un entramado que no equivale, como a veces se suele suponer, a la suma de ambas, sino a la intersecci\u00f3n de contenidos sobre un objeto propio: el hombre en tanto aprende. Esto es particularmente visible al comprender la constituci\u00f3n bio-psico-social del sujeto cognoscente, ya que supone hacer referencia a c\u00f3mo las particularidades en la socializaci\u00f3n y en la subjetivaci\u00f3n, singularizan la puesta en juego de sus esquemas de aprendizaje. 4 Teorizar acerca de las articulaciones entre el <strong>ser <\/strong>y el <strong>aprender <\/strong>es un desaf\u00edo en la Psicopedagog\u00eda; y la forma del <strong>\u201chacer\u201d <\/strong>es buscando integrar conocimientos en una visi\u00f3n gest\u00e1ltica y hol\u00edstica de los problemas humanos y de su forma anal\u00edtica de aprender a resolverlos.<\/span><\/p>\n","protected":false},"excerpt":{"rendered":"<p>Dise\u00f1o curricular\u00a0 \u00a0 \u00a0 Correlatividades El reconocimiento de la Psicopedagog\u00eda como un \u00e1rea de conocimiento cient\u00edfico y de actividad profesional con entidad propia constituye la primera raz\u00f3n que justifica la implementaci\u00f3n de una carrera de Nivel Superior que aborde espec\u00edficamente la tem\u00e1tica. La Psicopedagog\u00eda naci\u00f3 como una interdisciplina en la confluencia de espacios conceptuales de &#8230; <a title=\"Tec. Superior en Psicopedagog\u00eda\" class=\"read-more\" href=\"https:\/\/isfd40-bue.infd.edu.ar\/sitio\/psicopedagogia\/\" aria-label=\"More on Tec. Superior en Psicopedagog\u00eda\">[+]<\/a><\/p>\n","protected":false},"author":61,"featured_media":0,"parent":0,"menu_order":0,"comment_status":"closed","ping_status":"closed","template":"","meta":[],"acf":[],"_links":{"self":[{"href":"https:\/\/isfd40-bue.infd.edu.ar\/sitio\/wp-json\/wp\/v2\/pages\/768"}],"collection":[{"href":"https:\/\/isfd40-bue.infd.edu.ar\/sitio\/wp-json\/wp\/v2\/pages"}],"about":[{"href":"https:\/\/isfd40-bue.infd.edu.ar\/sitio\/wp-json\/wp\/v2\/types\/page"}],"author":[{"embeddable":true,"href":"https:\/\/isfd40-bue.infd.edu.ar\/sitio\/wp-json\/wp\/v2\/users\/61"}],"replies":[{"embeddable":true,"href":"https:\/\/isfd40-bue.infd.edu.ar\/sitio\/wp-json\/wp\/v2\/comments?post=768"}],"version-history":[{"count":7,"href":"https:\/\/isfd40-bue.infd.edu.ar\/sitio\/wp-json\/wp\/v2\/pages\/768\/revisions"}],"predecessor-version":[{"id":3667,"href":"https:\/\/isfd40-bue.infd.edu.ar\/sitio\/wp-json\/wp\/v2\/pages\/768\/revisions\/3667"}],"wp:attachment":[{"href":"https:\/\/isfd40-bue.infd.edu.ar\/sitio\/wp-json\/wp\/v2\/media?parent=768"}],"curies":[{"name":"wp","href":"https:\/\/api.w.org\/{rel}","templated":true}]}}