{"id":774,"date":"2018-06-28T01:17:48","date_gmt":"2018-06-28T04:17:48","guid":{"rendered":"https:\/\/isfd40-bue.infd.edu.ar\/sitio\/historia\/"},"modified":"2019-09-25T15:54:37","modified_gmt":"2019-09-25T18:54:37","slug":"historia","status":"publish","type":"page","link":"https:\/\/isfd40-bue.infd.edu.ar\/sitio\/historia\/","title":{"rendered":"Historia"},"content":{"rendered":"<p style=\"text-align: center;\"><span style=\"font-family: verdana; font-size: small;\">\u00a0<\/span><\/p>\n<p><span style=\"font-family: verdana; font-size: small;\"><img decoding=\"async\" loading=\"lazy\" style=\"vertical-align: middle; display: block; margin-left: auto; margin-right: auto;\" src=\"https:\/\/isfd40-bue.infd.edu.ar\/aula\/archivos\/repositorio\/0\/41\/ISFDyT40.jpg\" alt=\"\" width=\"485\" height=\"294\" border=\"0\" \/><\/span><\/p>\n<p>&nbsp;<\/p>\n<table style=\"width: 100%;\" border=\"0\">\n<tbody>\n<tr class=\"Resaltado2\">\n<td colspan=\"3\">\n<h1 style=\"text-align: center;\"><span style=\"font-family: 'comic sans ms', sans-serif; font-size: 18pt; color: #339966;\"><em><strong>\u201cVoy por el camino de la vida con un ni\u00f1o de luz a mi costado\u201d<\/strong><\/em><strong>.<\/strong><\/span><\/h1>\n<\/td>\n<\/tr>\n<tr>\n<td style=\"text-align: justify;\" colspan=\"2\"><span style=\"font-family: tahoma, arial, helvetica, sans-serif; font-size: 10pt;\">La idea de fundar un Instituto Terciario, en la ciudad de Trenque Lauquen parti\u00f3 de Elida Mina, que era Inspectora de Educaci\u00f3n Preescolar.<\/span><\/p>\n<p><span style=\"font-family: tahoma, arial, helvetica, sans-serif; font-size: 10pt;\">El mismo, es considerado como un acto de trascendental significaci\u00f3n para Trenque Lauquen y la zona, ya que, haciendo memoria, podremos recordar que hace ya varios a\u00f1os en nuestro medio funcion\u00f3 un establecimiento de similares caracter\u00edsticas, el que luego fue cerrado, reconoci\u00e9ndole as\u00ed a Nuestra Ciudad, como puntal para la educaci\u00f3n preescolar bonaerense.<\/span><\/td>\n<td style=\"text-align: justify;\" width=\"30%\">\n<div style=\"text-align: center;\"><span style=\"font-family: tahoma, arial, helvetica, sans-serif; font-size: 10pt;\"><img decoding=\"async\" loading=\"lazy\" title=\"07_instituto_Historia\" src=\"https:\/\/isfd40-bue.infd.edu.ar\/sitio\/wp-content\/uploads\/2018\/06\/07_instituto_Histotia.jpg\" alt=\"07_instituto_Historia\" width=\"154\" height=\"128\" border=\"0\" \/><\/span><\/div>\n<\/td>\n<\/tr>\n<tr>\n<td style=\"text-align: justify;\" colspan=\"3\"><span style=\"font-family: tahoma, arial, helvetica, sans-serif; font-size: 10pt;\">\u00bfD\u00f3nde ha de funcionar el Instituto? Al no contar con edificio propio, comenzar\u00eda a funcionar en la Escuela N\u00b0 3 \u201cAlmafuerte\u201d ubicada en Quintana 112 de nuestra comunidad. Por la ma\u00f1ana y tarde funcionaria la escuela primaria, y en el turno de la noche har\u00eda lo propio con sus actividades dicha instituci\u00f3n. En una primera etapa estar\u00e1 consagrada a la formaci\u00f3n de profesoras en jardines de infantes.<\/span><\/td>\n<\/tr>\n<tr>\n<td style=\"text-align: justify;\" colspan=\"3\"><span style=\"font-family: tahoma, arial, helvetica, sans-serif; font-size: 10pt;\">La inauguraci\u00f3n del Instituto de Formaci\u00f3n Docente y T\u00e9cnica N\u00b0 40, de la ciudad de Trenque Lauquen, tuvo lugar el d\u00eda 21 de mayo de 1973.\u00a0<\/span><\/td>\n<\/tr>\n<tr>\n<td colspan=\"3\"><\/td>\n<\/tr>\n<tr>\n<td width=\"30%\">\n<div style=\"text-align: center;\"><img decoding=\"async\" loading=\"lazy\" title=\"04_instituto_Historia\" src=\"https:\/\/isfd40-bue.infd.edu.ar\/sitio\/wp-content\/uploads\/2018\/06\/04_instituto_Histotia.jpg\" alt=\"04_instituto_Historia\" width=\"130\" height=\"139\" border=\"0\" \/><\/div>\n<\/td>\n<td colspan=\"2\"><span style=\"font-family: tahoma, arial, helvetica, sans-serif; font-size: 10pt;\">Ejercer\u00e1 la direcci\u00f3n del flamante establecimiento la se\u00f1ora Mar\u00eda E. Stamati de Dominici y la secretar\u00eda estar\u00e1 a cargo de la se\u00f1ora Gladis B. Mayo de Rubio.<\/span><\/p>\n<p style=\"text-align: justify;\"><span style=\"font-family: tahoma, arial, helvetica, sans-serif; font-size: 10pt;\">En ese momento se encontraba en el gobierno municipal de transici\u00f3n ejercido por el Intendente Eduardo P\u00e9rez Azumendi, d\u00e1ndole paso a la asunci\u00f3n al intendente electo Juan Jaime Ciglia. Entre esas l\u00edneas aparec\u00eda un aviso, casi sobre el final de la hoja, que informa de la siguiente noticia:<\/span><\/p>\n<\/td>\n<\/tr>\n<tr>\n<td colspan=\"3\"><span style=\"font-family: tahoma, arial, helvetica, sans-serif; font-size: 10pt;\">\u201cEl Instituto ha sido entonces inaugurado. La cr\u00f3nica rescata no solo los pormenores del acto en s\u00ed, sino que tambi\u00e9n nos acerca el Decreto de creaci\u00f3n, fechado el d\u00eda 12 de abril de 1973 y con n\u00famero 336\u201d<\/span><\/td>\n<\/tr>\n<tr>\n<td colspan=\"3\">\n<h3 style=\"margin-top: 0px; margin-bottom: 0px; padding-bottom: 0px;\"><span style=\"font-family: tahoma, arial, helvetica, sans-serif; font-size: 10pt;\">\u00a0<\/span><\/h3>\n<\/td>\n<\/tr>\n<tr>\n<td colspan=\"2\">\n<p style=\"text-align: justify;\"><span style=\"font-family: tahoma, arial, helvetica, sans-serif; font-size: 10pt;\">La Primera Directora, Mar\u00eda Ethel Stamatti de Dominicci, conocida por todos como \u201cChichita\u201d. Y con el Instituto ya funcionando, podemos observar c\u00f3mo se completa el cuerpo directivo, con la Sra. Gladys Mayo de Rubio en la funci\u00f3n de Secretaria, y la conformaci\u00f3n del primer plantel de docentes: Mar\u00eda Luisa Ventura, Elsa Bocaloni, Nilda Men\u00e9ndez, Ana Mar\u00eda Carmona, Ana Lamais\u00f3n, Nivia Soriano, Chini Briozzo, Jorge Vicente, Leonor Corso, Dora Sallaberry,\u00a0 Hayde\u00e9 Merino, Dar\u00edo Gonz\u00e1lez,\u00a0 Azucena Dell\u00b4Osso, Nora Piuzzi, Jorge Alvira, Ana Mar\u00eda Rey, Nora Arbio, Manuela Lagos, Lidia Tauil, Elida Mina, Celia Arnaiz, Silvia Aguirre, Norma Pardo, Lilia Dooner, Carmen Potenza y Hugo Borr\u00e9.<\/span><\/p>\n<\/td>\n<td width=\"30%\">\n<div style=\"text-align: center;\"><span style=\"font-family: tahoma, arial, helvetica, sans-serif; font-size: 10pt;\"><img decoding=\"async\" loading=\"lazy\" title=\"05_instituto_Historia\" src=\"https:\/\/isfd40-bue.infd.edu.ar\/sitio\/wp-content\/uploads\/2018\/06\/05_instituto_Histotia.jpg\" alt=\"05_instituto_Historia\" width=\"142\" height=\"207\" border=\"0\" \/><\/span><\/div>\n<\/td>\n<\/tr>\n<tr>\n<td colspan=\"3\">\n<p style=\"text-align: justify;\"><span style=\"font-family: tahoma, arial, helvetica, sans-serif; font-size: 10pt;\">Desde la Formaci\u00f3n del Instituto, podemos observar el valor significativ\u00edsimo para la Comunidad de Trenque Lauquen, ya que, desde los distintos profesorados y Tecnicaturas, vieron su nacimiento, la creaci\u00f3n del Taller Protegido Pe\u00f1i-hu\u00e9: Inaugurado el d\u00eda 4 de diciembre de 1982 y el Centro de Estimulaci\u00f3n Temprana, siendo este uno de los 5 primeros de toda la Provincia de Buenos Aires. All\u00ed se respond\u00eda a la demanda de cuidado hac\u00eda ni\u00f1os de 0 a 3 a\u00f1os con problemas de discapacidad o riesgo social.<\/span><\/p>\n<\/td>\n<\/tr>\n<\/tbody>\n<\/table>\n<p>&nbsp;<\/p>\n","protected":false},"excerpt":{"rendered":"<p>\u00a0 &nbsp; \u201cVoy por el camino de la vida con un ni\u00f1o de luz a mi costado\u201d. La idea de fundar un Instituto Terciario, en la ciudad de Trenque Lauquen parti\u00f3 de Elida Mina, que era Inspectora de Educaci\u00f3n Preescolar. El mismo, es considerado como un acto de trascendental significaci\u00f3n para Trenque Lauquen y la &#8230; <a title=\"Historia\" class=\"read-more\" href=\"https:\/\/isfd40-bue.infd.edu.ar\/sitio\/historia\/\" aria-label=\"More on Historia\">[+]<\/a><\/p>\n","protected":false},"author":61,"featured_media":0,"parent":0,"menu_order":0,"comment_status":"closed","ping_status":"closed","template":"","meta":[],"acf":[],"_links":{"self":[{"href":"https:\/\/isfd40-bue.infd.edu.ar\/sitio\/wp-json\/wp\/v2\/pages\/774"}],"collection":[{"href":"https:\/\/isfd40-bue.infd.edu.ar\/sitio\/wp-json\/wp\/v2\/pages"}],"about":[{"href":"https:\/\/isfd40-bue.infd.edu.ar\/sitio\/wp-json\/wp\/v2\/types\/page"}],"author":[{"embeddable":true,"href":"https:\/\/isfd40-bue.infd.edu.ar\/sitio\/wp-json\/wp\/v2\/users\/61"}],"replies":[{"embeddable":true,"href":"https:\/\/isfd40-bue.infd.edu.ar\/sitio\/wp-json\/wp\/v2\/comments?post=774"}],"version-history":[{"count":3,"href":"https:\/\/isfd40-bue.infd.edu.ar\/sitio\/wp-json\/wp\/v2\/pages\/774\/revisions"}],"predecessor-version":[{"id":1302,"href":"https:\/\/isfd40-bue.infd.edu.ar\/sitio\/wp-json\/wp\/v2\/pages\/774\/revisions\/1302"}],"wp:attachment":[{"href":"https:\/\/isfd40-bue.infd.edu.ar\/sitio\/wp-json\/wp\/v2\/media?parent=774"}],"curies":[{"name":"wp","href":"https:\/\/api.w.org\/{rel}","templated":true}]}}