{"id":778,"date":"2018-06-28T01:17:49","date_gmt":"2018-06-28T04:17:49","guid":{"rendered":"https:\/\/isfd40-bue.infd.edu.ar\/sitio\/profesorado-en-educacion-especial\/"},"modified":"2024-03-02T11:39:35","modified_gmt":"2024-03-02T14:39:35","slug":"profesorado-en-educacion-especial","status":"publish","type":"page","link":"https:\/\/isfd40-bue.infd.edu.ar\/sitio\/profesorado-en-educacion-especial\/","title":{"rendered":"Profesorado de Educaci\u00f3n Especial con Orientaci\u00f3n en Discapacidad Intelectual"},"content":{"rendered":"<p style=\"text-align: justify;\"><span style=\"font-family: tahoma, arial, helvetica, sans-serif; font-size: 12pt;\"><span style=\"text-align: justify;\"><strong>Descargar el Dise\u00f1o desde aqu\u00ed<\/strong> <a href=\"https:\/\/drive.google.com\/file\/d\/15xW0IJNxy8NjWpHTUQgwDfl0Mk_4c6Vs\/view?usp=share_link\" target=\"_blank\" rel=\"noopener\"><img decoding=\"async\" loading=\"lazy\" class=\"alignnone wp-image-2745\" title=\"Dise\u00f1o Educ. Especial\" src=\"https:\/\/isfd40-bue.infd.edu.ar\/sitio\/wp-content\/uploads\/2023\/02\/pdf-2-edited.png\" alt=\"\" width=\"47\" height=\"31\" \/><\/a> \u00a0 <strong>Correlatividades <\/strong><strong><a href=\"https:\/\/drive.google.com\/file\/d\/13Yy7vxNkrZr1EZhTB9g73uGq-bCWGeS2\/view?usp=drive_link\" target=\"_blank\" rel=\"noopener\"><img decoding=\"async\" loading=\"lazy\" class=\"alignnone wp-image-2745\" title=\"Correlatividades Educ. Especial\" src=\"https:\/\/isfd40-bue.infd.edu.ar\/sitio\/wp-content\/uploads\/2023\/02\/pdf-2-edited.png\" alt=\"\" width=\"47\" height=\"31\" \/><\/a><\/strong><\/span><\/span><\/p>\n<p style=\"text-align: justify;\"><span style=\"font-family: tahoma, arial, helvetica, sans-serif; font-size: 12pt;\"><span style=\"text-align: justify;\">El presente dise\u00f1o, para la formaci\u00f3n de docentes de Educaci\u00f3n Especial vincula<\/span><span style=\"text-align: justify;\"> fundamentos conceptuales y experienciales en una configuraci\u00f3n significativa, de car\u00e1cter abierto, que obra como punto de partida. Relaciona distintos conceptos cuya articulaci\u00f3n constituye una configuraci\u00f3n, matriz o postura epist\u00e9mica respecto de la selecci\u00f3n, organizaci\u00f3n, distribuci\u00f3n y transmisi\u00f3n de conocimientos orientados a la transformaci\u00f3n personal, institucional y social. Los fundamentos en que se asienta este Dise\u00f1o Curricular se constituyen a partir de la intersecci\u00f3n de dos campos pedag\u00f3gicos te\u00f3rico-pr\u00e1cticos: el que corresponde a la especificidad de la Educaci\u00f3n Especial y el que trata de la especificidad de la formaci\u00f3n de docentes. Ambos t\u00e9rminos cobran identidad en dicha articulaci\u00f3n en tanto el curr\u00edculum se convierte en propuesta formativa de docentes y la formaci\u00f3n de docentes se enra\u00edza, encauza y desenvuelve en aqu\u00e9l. Ambos est\u00e1n din\u00e1micamente articulados y desbordan sus propias fronteras, por tratarse de manifestaciones y pr\u00e1cticas del campo sociocultural. Se parte de concebir al curr\u00edculum esencialmente como un asunto pol\u00edtico, sin que por ello se olviden sus implicaciones cient\u00edficas; por eso no puede verse simplemente como un espacio de transmisi\u00f3n de conocimientos. El curr\u00edculum est\u00e1 centralmente implicado en aquello que somos, en aquello en que nos convertimos y nos convertiremos. El curr\u00edculum produce; el curr\u00edculum nos produce (cf. Tadeu da Silva, 1998). Si la educaci\u00f3n p\u00fablica fue una de las pol\u00edticas culturales centrales en la etapa de la organizaci\u00f3n nacional y en los tiempos posteriores, hoy el docente es un actor clave para reconstruir el sentido sociopol\u00edtico de la escuela p\u00fablica y a la educaci\u00f3n p\u00fablica\u00a0como pol\u00edtica cultural; para evitar que esas pol\u00edticas y sentidos queden en manos del mercado u otros espacios corporativos. En la construcci\u00f3n del presente Dise\u00f1o se han considerado los cambios de paradigmas y las nuevas concepciones del sujeto de Educaci\u00f3n Especial que han surgido en los \u00faltimos a\u00f1os y la consideraci\u00f3n del principio de inclusi\u00f3n educativa que \u201cgarantizar\u00e1 la integraci\u00f3n de los\/las alumnos\/alumnas con discapacidades en todos los niveles y modalidades seg\u00fan las posibilidades de cada persona\u201d. Para cumplir tales prop\u00f3sitos, desde su construcci\u00f3n y puesta en acto, este dise\u00f1o posee potencialidad, no s\u00f3lo para su apropiaci\u00f3n, sino para su recreaci\u00f3n permanente, circunstancia que propicia la posibilidad de construir lineamientos prospectivos de manera continua, en una dial\u00e9ctica constante entre el trabajo pedag\u00f3gico y los contextos en los que el mismo se materializa. Esta din\u00e1mica implica un proceso que articula contextualizaci\u00f3n y especificaci\u00f3n curricular, que lleva a niveles sucesivos o crecientes de especializaci\u00f3n a medida del acercamiento a la relaci\u00f3n pedag\u00f3gica en el aula.<\/span><\/span><span style=\"font-family: tahoma, arial, helvetica, sans-serif; font-size: 12pt;\">\u00a0<\/span><\/p>\n","protected":false},"excerpt":{"rendered":"<p>Descargar el Dise\u00f1o desde aqu\u00ed \u00a0 Correlatividades El presente dise\u00f1o, para la formaci\u00f3n de docentes de Educaci\u00f3n Especial vincula fundamentos conceptuales y experienciales en una configuraci\u00f3n significativa, de car\u00e1cter abierto, que obra como punto de partida. Relaciona distintos conceptos cuya articulaci\u00f3n constituye una configuraci\u00f3n, matriz o postura epist\u00e9mica respecto de la selecci\u00f3n, organizaci\u00f3n, distribuci\u00f3n y &#8230; <a title=\"Profesorado de Educaci\u00f3n Especial con Orientaci\u00f3n en Discapacidad Intelectual\" class=\"read-more\" href=\"https:\/\/isfd40-bue.infd.edu.ar\/sitio\/profesorado-en-educacion-especial\/\" aria-label=\"More on Profesorado de Educaci\u00f3n Especial con Orientaci\u00f3n en Discapacidad Intelectual\">[+]<\/a><\/p>\n","protected":false},"author":61,"featured_media":0,"parent":0,"menu_order":0,"comment_status":"closed","ping_status":"closed","template":"","meta":[],"acf":[],"_links":{"self":[{"href":"https:\/\/isfd40-bue.infd.edu.ar\/sitio\/wp-json\/wp\/v2\/pages\/778"}],"collection":[{"href":"https:\/\/isfd40-bue.infd.edu.ar\/sitio\/wp-json\/wp\/v2\/pages"}],"about":[{"href":"https:\/\/isfd40-bue.infd.edu.ar\/sitio\/wp-json\/wp\/v2\/types\/page"}],"author":[{"embeddable":true,"href":"https:\/\/isfd40-bue.infd.edu.ar\/sitio\/wp-json\/wp\/v2\/users\/61"}],"replies":[{"embeddable":true,"href":"https:\/\/isfd40-bue.infd.edu.ar\/sitio\/wp-json\/wp\/v2\/comments?post=778"}],"version-history":[{"count":11,"href":"https:\/\/isfd40-bue.infd.edu.ar\/sitio\/wp-json\/wp\/v2\/pages\/778\/revisions"}],"predecessor-version":[{"id":3293,"href":"https:\/\/isfd40-bue.infd.edu.ar\/sitio\/wp-json\/wp\/v2\/pages\/778\/revisions\/3293"}],"wp:attachment":[{"href":"https:\/\/isfd40-bue.infd.edu.ar\/sitio\/wp-json\/wp\/v2\/media?parent=778"}],"curies":[{"name":"wp","href":"https:\/\/api.w.org\/{rel}","templated":true}]}}