{"id":786,"date":"2018-06-28T01:17:52","date_gmt":"2018-06-28T04:17:52","guid":{"rendered":"https:\/\/isfd40-bue.infd.edu.ar\/sitio\/correlatividades\/"},"modified":"2026-03-02T16:56:03","modified_gmt":"2026-03-02T19:56:03","slug":"correlatividades","status":"publish","type":"page","link":"https:\/\/isfd40-bue.infd.edu.ar\/sitio\/correlatividades\/","title":{"rendered":"Correlatividades"},"content":{"rendered":"<p style=\"text-align: center;\">De acuerdo a la <strong>Comunicaci\u00f3n 109\/23<\/strong> del 28 de diciembre de 2023 se realizan cambios en las <strong>correlatividades de los Profesorados de Educaci\u00f3n Primaria, Profesorado de Educaci\u00f3n Especial, Profesorados de Matem\u00e1ticas y Profesorado de Lengua<\/strong>; y se deja <strong>sin efecto para todas las carreras la Comunicaci\u00f3n Conjunta 32\/10 y lo refrendado por el CAI Institucional<\/strong>, en lo que ata\u00f1e a las condiciones de materias acreditadas y cursadas aprobadas para el acceso a las <strong>Practicas de 3ro y 4to a\u00f1o<\/strong>.<\/p>\n<p>En l\u00ednea con lo anteriormente explicitado, a partir del ciclo lectivo 2024 cada carrera se regir\u00e1 por las normas sobre correlatividades que se enuncian a continuaci\u00f3n y cuyos links se referencian:<\/p>\n<p>Profesorado de Educaci\u00f3n Primaria C109\/23 (*)<\/p>\n<p>Profesorado de Educaci\u00f3n Especial C109\/23 (*)<\/p>\n<p>Profesorado de Historia (1er. y 2do) a\u00f1o Res. 3609\/22.<\/p>\n<p>Profesorados de Historia (3er. y 4to A\u00f1o) Res. 13259\/99<\/p>\n<p>Profesorado de Biolog\u00eda (1er y 2do a\u00f1o) Res. 3605\/22<\/p>\n<p>Profesorados de Biolog\u00eda (3er. y 4to A\u00f1o) Res. 13259\/99<\/p>\n<p>Profesorados de Matem\u00e1tica (1ero a 4to). C109\/23. (*)<\/p>\n<p>Profesorados Lengua y Literatura (1ero a 4to). C109\/23 (*)<\/p>\n<p>Tecnicatura Superior en Psicopedagog\u00eda Res. 2460\/11.<\/p>\n<p>Tecnicatura Superior en Enfermer\u00eda Res. 854\/16<\/p>\n<p>Tecnicatura Superior en Acompa\u00f1amiento Terap\u00e9utico Res. 1221\/15<\/p>\n<p><strong><u>(*) Como el cumplimiento de lo propuesto por la C 109\/23 <\/u><\/strong>exige un r\u00e9gimen de correlatividades de acreditaciones inmediatas al a\u00f1o anterior para acceder a las pr\u00e1cticas (no previsto en las anteriores normas) <strong><u>se ha autorizado a los Institutos a que su cumplimiento estricto sea aplicado a partir del ciclo lectivo 2025 en conjunto con el nuevo R\u00c9GIMEN ACAD\u00c9MICO 4196\/24<\/u><\/strong>.<\/p>\n<h2 style=\"text-align: left;\"><span style=\"color: #3366ff;\"><span style=\"font-family: 'comic sans ms', sans-serif; font-size: 14pt;\">Descarga de <\/span><span style=\"font-family: 'comic sans ms', sans-serif; font-size: 14pt;\">correlatividades\u00a0<\/span><\/span><\/h2>\n<p><img decoding=\"async\" loading=\"lazy\" class=\" wp-image-721\" src=\"https:\/\/isfd40-bue.infd.edu.ar\/sitio\/wp-content\/uploads\/2018\/06\/tildes.jpg\" alt=\"aaaa\" width=\"42\" height=\"38\" \/><span style=\"color: #339966;\"><strong>Profesorado de Educaci\u00f3n Secundaria en Biolog\u00eda<a href=\"https:\/\/drive.google.com\/file\/d\/1_hFF_8ZgiXryyhe2GAFer3O5Z73hn1OI\/view?usp=share_link\" target=\"_blank\" rel=\"noopener\"><img decoding=\"async\" loading=\"lazy\" class=\"alignnone wp-image-698\" title=\"Dise\u00f1o Nuevo 2023\" src=\"https:\/\/isfd40-bue.infd.edu.ar\/sitio\/wp-content\/uploads\/2018\/06\/descarga_logo.png\" alt=\"\" width=\"46\" height=\"46\" \/><\/a><\/strong><\/span><\/p>\n<p><img decoding=\"async\" loading=\"lazy\" class=\" wp-image-721\" src=\"https:\/\/isfd40-bue.infd.edu.ar\/sitio\/wp-content\/uploads\/2018\/06\/tildes.jpg\" alt=\"aaaa\" width=\"42\" height=\"38\" \/><span style=\"color: #339966;\"><strong>Profesorado de Educaci\u00f3n Especial con Orientaci\u00f3n en Discapacidad Intelectual &#8211; C109\/23 <a href=\"https:\/\/drive.google.com\/file\/d\/13Yy7vxNkrZr1EZhTB9g73uGq-bCWGeS2\/view?usp=drive_link\" target=\"_blank\" rel=\"noopener\"><img decoding=\"async\" loading=\"lazy\" class=\"alignnone wp-image-698\" src=\"https:\/\/isfd40-bue.infd.edu.ar\/sitio\/wp-content\/uploads\/2018\/06\/descarga_logo.png\" alt=\"\" width=\"44\" height=\"44\" \/><\/a><\/strong><\/span><\/p>\n<p><img decoding=\"async\" loading=\"lazy\" class=\" wp-image-721\" src=\"https:\/\/isfd40-bue.infd.edu.ar\/sitio\/wp-content\/uploads\/2018\/06\/tildes.jpg\" alt=\"aaaa\" width=\"42\" height=\"38\" \/><span style=\"color: #339966;\"><strong>Profesorado de Educaci\u00f3n Secundaria en Historia<a href=\"https:\/\/drive.google.com\/file\/d\/1F0SkrmtVBSAGbxWb1XMs8hARn9BxamKf\/view?usp=share_link\" target=\"_blank\" rel=\"noopener\"><img decoding=\"async\" loading=\"lazy\" class=\"alignnone wp-image-698\" title=\"Dise\u00f1o Nuevo 2023\" src=\"https:\/\/isfd40-bue.infd.edu.ar\/sitio\/wp-content\/uploads\/2018\/06\/descarga_logo.png\" alt=\"\" width=\"48\" height=\"48\" \/><\/a><\/strong><\/span><\/p>\n<p><img decoding=\"async\" loading=\"lazy\" class=\" wp-image-721\" src=\"https:\/\/isfd40-bue.infd.edu.ar\/sitio\/wp-content\/uploads\/2018\/06\/tildes.jpg\" alt=\"aaaa\" width=\"42\" height=\"38\" \/><span style=\"color: #339966;\"><strong>Profesorado de Educaci\u00f3n Secundaria en Lengua y Literatura \u2013 Cohorte 2018 &#8211; C109\/23 <a href=\"https:\/\/drive.google.com\/file\/d\/1x6LjogHGZ0FMluIkR8RraGfLprg04_gu\/view?usp=drive_link\" target=\"_blank\" rel=\"noopener\"><img decoding=\"async\" loading=\"lazy\" class=\"alignnone wp-image-698\" src=\"https:\/\/isfd40-bue.infd.edu.ar\/sitio\/wp-content\/uploads\/2018\/06\/descarga_logo.png\" alt=\"\" width=\"45\" height=\"45\" \/><\/a><\/strong><\/span><\/p>\n<p><img decoding=\"async\" loading=\"lazy\" class=\" wp-image-721\" src=\"https:\/\/isfd40-bue.infd.edu.ar\/sitio\/wp-content\/uploads\/2018\/06\/tildes.jpg\" alt=\"aaaa\" width=\"42\" height=\"38\" \/><span style=\"color: #339966;\"><strong>Profesorado de Educaci\u00f3n Secundaria en Matem\u00e1tica \u2013 Cohorte 2018 &#8211; C109\/23 <a href=\"https:\/\/drive.google.com\/file\/d\/1jCupG89skOqR7qWOPantL2vibdah22p2\/view?usp=drive_link\"><img decoding=\"async\" loading=\"lazy\" class=\"alignnone wp-image-698\" src=\"https:\/\/isfd40-bue.infd.edu.ar\/sitio\/wp-content\/uploads\/2018\/06\/descarga_logo.png\" alt=\"\" width=\"43\" height=\"43\" \/><\/a><\/strong><\/span><\/p>\n<p><img decoding=\"async\" loading=\"lazy\" class=\" wp-image-721\" src=\"https:\/\/isfd40-bue.infd.edu.ar\/sitio\/wp-content\/uploads\/2018\/06\/tildes.jpg\" alt=\"aaaa\" width=\"42\" height=\"38\" \/><span style=\"color: #339966;\"><strong>Profesorado de Educaci\u00f3n Primaria &#8211; C109\/23 <a href=\"https:\/\/drive.google.com\/file\/d\/1Ymu_XFNlQI3FCewWEW9wxC2g0dJ9v5kk\/view?usp=drive_link\" target=\"_blank\" rel=\"noopener\"><img decoding=\"async\" loading=\"lazy\" class=\"alignnone wp-image-698\" src=\"https:\/\/isfd40-bue.infd.edu.ar\/sitio\/wp-content\/uploads\/2018\/06\/descarga_logo.png\" alt=\"\" width=\"47\" height=\"47\" \/><\/a><\/strong><\/span><\/p>\n<p><img decoding=\"async\" loading=\"lazy\" class=\" wp-image-721\" src=\"https:\/\/isfd40-bue.infd.edu.ar\/sitio\/wp-content\/uploads\/2018\/06\/tildes.jpg\" alt=\"aaaa\" width=\"42\" height=\"38\" \/><span style=\"color: #339966;\"><strong>Tecnicatura Superior en Acompa\u00f1amiento Terap\u00e9utico<a href=\"https:\/\/drive.google.com\/file\/d\/10nvCQa6EXDA7NsFIG-IHK8IbafoBMgV5\/view?usp=drive_link\"><img decoding=\"async\" loading=\"lazy\" class=\"alignnone wp-image-698\" src=\"https:\/\/isfd40-bue.infd.edu.ar\/sitio\/wp-content\/uploads\/2018\/06\/descarga_logo.png\" alt=\"\" width=\"50\" height=\"50\" \/><\/a><\/strong><\/span><\/p>\n<p><img decoding=\"async\" loading=\"lazy\" class=\" wp-image-721\" src=\"https:\/\/isfd40-bue.infd.edu.ar\/sitio\/wp-content\/uploads\/2018\/06\/tildes.jpg\" alt=\"aaaa\" width=\"42\" height=\"38\" \/><span style=\"color: #339966;\"><strong>Tecnicatura Superior en Enfermer\u00eda<a href=\"https:\/\/isfd40-bue.infd.edu.ar\/sitio\/wp-content\/uploads\/2018\/10\/CORRELATIVIDADES_ENFERMERIA_2017.pdf\" target=\"_blank\" rel=\"noopener\"><br \/>\n<\/a><a href=\"https:\/\/isfd40-bue.infd.edu.ar\/sitio\/wp-content\/uploads\/2018\/10\/CORRELATIVIDADES_ENFERMERIA_2017.pdf\" target=\"_blank\" rel=\"noopener\"><img decoding=\"async\" loading=\"lazy\" class=\"alignnone wp-image-698\" src=\"https:\/\/isfd40-bue.infd.edu.ar\/sitio\/wp-content\/uploads\/2018\/06\/descarga_logo.png\" alt=\"\" width=\"55\" height=\"55\" \/><\/a><\/strong><\/span><\/p>\n<p><img decoding=\"async\" loading=\"lazy\" class=\" wp-image-721\" src=\"https:\/\/isfd40-bue.infd.edu.ar\/sitio\/wp-content\/uploads\/2018\/06\/tildes.jpg\" alt=\"aaaa\" width=\"42\" height=\"38\" \/><span style=\"color: #339966;\"><strong>Tecnicatura Superior en Psicopedagog\u00eda<a href=\"https:\/\/drive.google.com\/file\/d\/1M8Uu619cEacvB2yB9G4hpUGkHTPIuvew\/view?usp=sharing\" target=\"_blank\" rel=\"noopener\"><img decoding=\"async\" loading=\"lazy\" class=\"alignnone wp-image-698\" src=\"https:\/\/isfd40-bue.infd.edu.ar\/sitio\/wp-content\/uploads\/2018\/06\/descarga_logo.png\" alt=\"\" width=\"48\" height=\"48\" \/><\/a><\/strong><\/span><\/p>\n","protected":false},"excerpt":{"rendered":"<p>De acuerdo a la Comunicaci\u00f3n 109\/23 del 28 de diciembre de 2023 se realizan cambios en las correlatividades de los Profesorados de Educaci\u00f3n Primaria, Profesorado de Educaci\u00f3n Especial, Profesorados de Matem\u00e1ticas y Profesorado de Lengua; y se deja sin efecto para todas las carreras la Comunicaci\u00f3n Conjunta 32\/10 y lo refrendado por el CAI Institucional, &#8230; <a title=\"Correlatividades\" class=\"read-more\" href=\"https:\/\/isfd40-bue.infd.edu.ar\/sitio\/correlatividades\/\" aria-label=\"More on Correlatividades\">[+]<\/a><\/p>\n","protected":false},"author":61,"featured_media":0,"parent":0,"menu_order":0,"comment_status":"closed","ping_status":"closed","template":"","meta":[],"acf":[],"_links":{"self":[{"href":"https:\/\/isfd40-bue.infd.edu.ar\/sitio\/wp-json\/wp\/v2\/pages\/786"}],"collection":[{"href":"https:\/\/isfd40-bue.infd.edu.ar\/sitio\/wp-json\/wp\/v2\/pages"}],"about":[{"href":"https:\/\/isfd40-bue.infd.edu.ar\/sitio\/wp-json\/wp\/v2\/types\/page"}],"author":[{"embeddable":true,"href":"https:\/\/isfd40-bue.infd.edu.ar\/sitio\/wp-json\/wp\/v2\/users\/61"}],"replies":[{"embeddable":true,"href":"https:\/\/isfd40-bue.infd.edu.ar\/sitio\/wp-json\/wp\/v2\/comments?post=786"}],"version-history":[{"count":41,"href":"https:\/\/isfd40-bue.infd.edu.ar\/sitio\/wp-json\/wp\/v2\/pages\/786\/revisions"}],"predecessor-version":[{"id":3832,"href":"https:\/\/isfd40-bue.infd.edu.ar\/sitio\/wp-json\/wp\/v2\/pages\/786\/revisions\/3832"}],"wp:attachment":[{"href":"https:\/\/isfd40-bue.infd.edu.ar\/sitio\/wp-json\/wp\/v2\/media?parent=786"}],"curies":[{"name":"wp","href":"https:\/\/api.w.org\/{rel}","templated":true}]}}