{"id":804,"date":"2018-07-10T12:47:45","date_gmt":"2018-07-10T15:47:45","guid":{"rendered":"https:\/\/isfd40-bue.infd.edu.ar\/sitio\/?page_id=804"},"modified":"2026-02-25T15:11:18","modified_gmt":"2026-02-25T18:11:18","slug":"inscripcion-a-catedra","status":"publish","type":"page","link":"https:\/\/isfd40-bue.infd.edu.ar\/sitio\/inscripcion-a-catedra\/","title":{"rendered":"Inscripci\u00f3n a Cursadas"},"content":{"rendered":"\n<p class=\"has-text-align-center has-large-font-size\"><strong>Ciclo Lectivo 202<\/strong>6<\/p>\n\n\n\n<p>La inscripci\u00f3n a las cursadas 2026 se realizar\u00e1n desde el <strong>LUNES 09\/03\/26 hasta el viernes 13\/03\/2<\/strong>6 hasta las 18 hs.                                                                   Los horarios de cursada estar\u00e1n disponibles desde el <strong>VIERNES 06\/03\/2<\/strong>6<\/p>\n\n\n\n<p class=\"has-accent-color has-text-color\"><strong> <\/strong><\/p>\n\n\n\n<p class=\"has-text-align-center has-accent-color has-text-color\"><strong>FORMULARIOS DE INSCRIPCI\u00d3N A MATERIAS  202<\/strong>6<\/p>\n\n\n\n<figure class=\"wp-block-table\"><table><tbody><tr><td><img decoding=\"async\" loading=\"lazy\" width=\"42\" height=\"38\" src=\"https:\/\/isfd40-bue.infd.edu.ar\/sitio\/wp-content\/uploads\/2018\/06\/tildes.jpg\" alt=\"aaaa\"><a href=\"https:\/\/docs.google.com\/forms\/d\/e\/1FAIpQLScmGPgfOIM8lXTtw0Begq8-NHcGIcKI91m4OwYj45bywdZ2OA\/viewform?usp=header\"><strong>Prof. de <strong>Educaci\u00f3n Secundaria en <\/strong>Biolog\u00eda<\/strong>.<\/a><br><br><img decoding=\"async\" loading=\"lazy\" width=\"42\" height=\"38\" src=\"https:\/\/isfd40-bue.infd.edu.ar\/sitio\/wp-content\/uploads\/2018\/06\/tildes.jpg\" alt=\"aaaa\"><strong><a href=\"https:\/\/docs.google.com\/forms\/d\/e\/1FAIpQLScrTKzYCJGZtXU_dz1OBM7W32pqiant_v6fBDgjh6CIl1wluQ\/viewform?usp=header\">Prof. de Educaci\u00f3n Especial con orientaci\u00f3n en Discapacidad Intelectual.<\/a><\/strong><br><br><a rel=\"noreferrer noopener\" href=\"https:\/\/docs.google.com\/forms\/d\/e\/1FAIpQLSdSDM-t8q0v0XIfhN5EvuqD4FSUEbIadLR4w-Fo40AVzWf2hw\/viewform\" target=\"_blank\"><img decoding=\"async\" loading=\"lazy\" width=\"42\" height=\"38\" src=\"https:\/\/isfd40-bue.infd.edu.ar\/sitio\/wp-content\/uploads\/2018\/06\/tildes.jpg\" alt=\"aaaa\"><\/a><a href=\"https:\/\/docs.google.com\/forms\/d\/e\/1FAIpQLSej2JOYH3UXcjSCpxo9ZkoN2c1Y80C6fUB1s8nW1a4OYTBwFg\/viewform?usp=header\"><strong>Prof. de Educaci\u00f3n Secundaria en Historia<\/strong>.<\/a><a rel=\"noreferrer noopener\" href=\"https:\/\/docs.google.com\/forms\/d\/e\/1FAIpQLSdSDM-t8q0v0XIfhN5EvuqD4FSUEbIadLR4w-Fo40AVzWf2hw\/viewform\" target=\"_blank\"><br><\/a><br><img decoding=\"async\" loading=\"lazy\" width=\"42\" height=\"38\" src=\"https:\/\/isfd40-bue.infd.edu.ar\/sitio\/wp-content\/uploads\/2018\/06\/tildes.jpg\" alt=\"aaaa\"><a href=\"https:\/\/docs.google.com\/forms\/d\/e\/1FAIpQLSdfhoMymSlmthGVQejhIA77rM-fa4sgBemiUCtOMTXe4larZA\/viewform?usp=header\"><strong>Prof. de Educaci\u00f3n Secundaria en Lengua y Literatura<\/strong>.<\/a><br><br><img decoding=\"async\" loading=\"lazy\" width=\"42\" height=\"38\" src=\"https:\/\/isfd40-bue.infd.edu.ar\/sitio\/wp-content\/uploads\/2018\/06\/tildes.jpg\" alt=\"aaaa\"><a href=\"https:\/\/docs.google.com\/forms\/d\/e\/1FAIpQLSdMzvvkk0K1RZisooqal16oC3ry61bWZ5u0melrScQ0bUCBsA\/viewform?usp=header\"><strong>Prof. de Educaci\u00f3n Secundaria en Matem\u00e1tica<\/strong>.<\/a><br><br><img decoding=\"async\" loading=\"lazy\" width=\"42\" height=\"38\" src=\"https:\/\/isfd40-bue.infd.edu.ar\/sitio\/wp-content\/uploads\/2018\/06\/tildes.jpg\" alt=\"aaaa\"><a href=\"https:\/\/docs.google.com\/forms\/d\/e\/1FAIpQLSdw-FUjp8jGWjrCTyRouh34tAJDueOPlizKFx1pLiYl8-ThuA\/viewform?usp=header\"><strong>Prof. de Educaci\u00f3n Primaria<\/strong>.<br><\/a><br><img decoding=\"async\" loading=\"lazy\" width=\"42\" height=\"38\" src=\"https:\/\/isfd40-bue.infd.edu.ar\/sitio\/wp-content\/uploads\/2018\/06\/tildes.jpg\" alt=\"aaaa\"><a href=\"https:\/\/docs.google.com\/forms\/d\/e\/1FAIpQLScnHoFKzw679WYcLyawvdlLbpWXMf35l-nBoZ_b5fK57NDoYQ\/viewform?usp=header\"><strong>Tec. Superior en Acompa\u00f1amiento Terap\u00e9utico<\/strong>.<\/a><br><br><img decoding=\"async\" loading=\"lazy\" width=\"42\" height=\"38\" src=\"https:\/\/isfd40-bue.infd.edu.ar\/sitio\/wp-content\/uploads\/2018\/06\/tildes.jpg\" alt=\"aaaa\"><a href=\"https:\/\/docs.google.com\/forms\/d\/e\/1FAIpQLSczhh1dJjpj16g0FBVWQLG_xrItkdWS_69NGRiC39hvt-NCTQ\/viewform?usp=header\"><strong>Tec. Superior en Enfermer\u00eda<\/strong>.<\/a><br><br><img decoding=\"async\" loading=\"lazy\" width=\"42\" height=\"38\" src=\"https:\/\/isfd40-bue.infd.edu.ar\/sitio\/wp-content\/uploads\/2018\/06\/tildes.jpg\" alt=\"aaaa\"><a href=\"https:\/\/docs.google.com\/forms\/d\/e\/1FAIpQLSeE6t7Y4q_HEXaDI5akWrJ_A3_qjPvzF6eyIOgwtEP_dNSgVA\/viewform?usp=header\"><strong>Tec. Superior en Psicopedagog\u00eda<\/strong>.<\/a><\/td><\/tr><\/tbody><\/table><\/figure>\n\n\n\n<div class=\"wp-block-columns is-not-stacked-on-mobile is-layout-flex wp-container-2\">\n<div class=\"wp-block-column is-layout-flow\" style=\"flex-basis:100%\"><\/div>\n<\/div>\n\n\n\n<p> <\/p>\n","protected":false},"excerpt":{"rendered":"<p>Ciclo Lectivo 2026 La inscripci\u00f3n a las cursadas 2026 se realizar\u00e1n desde el LUNES 09\/03\/26 hasta el viernes 13\/03\/26 hasta las 18 hs. Los horarios de cursada estar\u00e1n disponibles desde el VIERNES 06\/03\/26 FORMULARIOS DE INSCRIPCI\u00d3N A MATERIAS 2026 Prof. de Educaci\u00f3n Secundaria en Biolog\u00eda. Prof. de Educaci\u00f3n Especial con orientaci\u00f3n en Discapacidad Intelectual. Prof. &#8230; <a title=\"Inscripci\u00f3n a Cursadas\" class=\"read-more\" href=\"https:\/\/isfd40-bue.infd.edu.ar\/sitio\/inscripcion-a-catedra\/\" aria-label=\"More on Inscripci\u00f3n a Cursadas\">[+]<\/a><\/p>\n","protected":false},"author":61,"featured_media":0,"parent":0,"menu_order":0,"comment_status":"closed","ping_status":"closed","template":"","meta":[],"acf":[],"_links":{"self":[{"href":"https:\/\/isfd40-bue.infd.edu.ar\/sitio\/wp-json\/wp\/v2\/pages\/804"}],"collection":[{"href":"https:\/\/isfd40-bue.infd.edu.ar\/sitio\/wp-json\/wp\/v2\/pages"}],"about":[{"href":"https:\/\/isfd40-bue.infd.edu.ar\/sitio\/wp-json\/wp\/v2\/types\/page"}],"author":[{"embeddable":true,"href":"https:\/\/isfd40-bue.infd.edu.ar\/sitio\/wp-json\/wp\/v2\/users\/61"}],"replies":[{"embeddable":true,"href":"https:\/\/isfd40-bue.infd.edu.ar\/sitio\/wp-json\/wp\/v2\/comments?post=804"}],"version-history":[{"count":94,"href":"https:\/\/isfd40-bue.infd.edu.ar\/sitio\/wp-json\/wp\/v2\/pages\/804\/revisions"}],"predecessor-version":[{"id":3817,"href":"https:\/\/isfd40-bue.infd.edu.ar\/sitio\/wp-json\/wp\/v2\/pages\/804\/revisions\/3817"}],"wp:attachment":[{"href":"https:\/\/isfd40-bue.infd.edu.ar\/sitio\/wp-json\/wp\/v2\/media?parent=804"}],"curies":[{"name":"wp","href":"https:\/\/api.w.org\/{rel}","templated":true}]}}